{"id":110,"date":"2020-02-19T17:14:36","date_gmt":"2020-02-19T16:14:36","guid":{"rendered":"http:\/\/artsgraphiques.art.blog\/?page_id=110"},"modified":"2025-09-08T19:15:11","modified_gmt":"2025-09-08T17:15:11","slug":"miniatures-et-enluminures","status":"publish","type":"page","link":"https:\/\/ateliers-contraste.com\/index.php\/miniatures-et-enluminures\/","title":{"rendered":"MINIATURES ET ENLUMINURE"},"content":{"rendered":"<div class=\"wp-block-image\">\n<figure class=\"aligncenter size-full is-resized\"><img data-recalc-dims=\"1\" loading=\"lazy\" decoding=\"async\" width=\"348\" height=\"568\" src=\"https:\/\/i0.wp.com\/ateliers-contraste.com\/wp-content\/uploads\/2022\/12\/SUZANNE-SCHMITT-CONSULTATION-MEDICALE.jpg?resize=348%2C568&#038;ssl=1\" alt=\"\" class=\"wp-image-1060\" style=\"object-fit:cover;width:370px;height:490px\" srcset=\"https:\/\/i0.wp.com\/ateliers-contraste.com\/wp-content\/uploads\/2022\/12\/SUZANNE-SCHMITT-CONSULTATION-MEDICALE.jpg?w=348&amp;ssl=1 348w, https:\/\/i0.wp.com\/ateliers-contraste.com\/wp-content\/uploads\/2022\/12\/SUZANNE-SCHMITT-CONSULTATION-MEDICALE.jpg?resize=184%2C300&amp;ssl=1 184w\" sizes=\"auto, (max-width: 348px) 100vw, 348px\" \/><\/figure>\n<\/div>\n\n\n<p class=\"has-text-align-center\"><strong>Atelier avec professeure <a href=\"http:\/\/www.elisabeth-baillie.com\" target=\"_blank\" rel=\"noreferrer noopener\">Elisabeth BAILLI\u00c9<\/a> <\/strong><\/p>\n\n\n\n<p class=\"has-text-align-center\">2025-2026<br>Environ 2 vendredi par mois de 10H \u00e0 13H<br><strong>A partir du vendredi 10 octobre 2026<\/strong><\/p>\n\n\n\n<p class=\"has-text-align-center\"><strong>participation: 120&#215;3 euros pour 18 s\u00e9ances<\/strong><\/p>\n\n\n\n<p class=\"has-text-align-center\"><strong>M<\/strong>aison des <strong>A<\/strong>rts et de l&rsquo;<strong>I<\/strong>mage<br>3 Rue du Prince Eug\u00e8ne 92500 RUEIL MALMAISON<br>(Parking gratuit sur place)<\/p>\n\n\n\n<div class=\"wp-block-group is-content-justification-center is-nowrap is-layout-flex wp-container-core-group-is-layout-23441af8 wp-block-group-is-layout-flex\"><div class=\"kb-google-maps-container kb-google-maps-container110_4dce46-2b  wp-block-kadence-googlemaps\" data-mapid=\"110_4dce462b\"><iframe width=\"100%\" height=\"100%\"\n\t\t\t\t\t\t\tstyle=\"border:0\" loading=\"lazy\"\n\t\t\t\t\t\t\tsrc=\"https:\/\/www.google.com\/maps\/embed\/v1\/place?key=AIzaSyBAM2o7PiQqwk15LC1XRH2e_KJ-jUa7KYk&#038;zoom=16&#038;maptype=roadmap&#038;q=3+Rue+du+Prince+Eug%C3%A8ne+92500+RUEIL+MALMAISON\"\n\t\t\t\t\t\t\ttitle=\"Carte Google de 3 Rue du Prince Eug\u00e8ne 92500 RUEIL MALMAISON\"><\/iframe><\/div><script>function kb_google_map110_4dce462b() { let center = { lat: 37.8201, lng: -122.4781}; let map = new google.maps.Map(document.getElementById(\"kb-google-map110_4dce462b\"), {\n\t\t\t\t\t    zoom: 16,\n\t\t\t\t\t    center: center,});let marker = new google.maps.Marker({   position: { lat: 37.8201, lng: -122.4781},    map: map,  });}<\/script><\/div>\n<style class=\"advgb-styles-renderer\">.kb-google-maps-container110_4dce46-2b{max-width:300px;height:300px;}<\/style>","protected":false},"excerpt":{"rendered":"<p>Atelier avec professeure Elisabeth BAILLI\u00c9 2025-2026Environ 2 vendredi par mois de 10H \u00e0 13HA partir du vendredi 10 octobre 2026 participation: 120&#215;3 euros pour 18 s\u00e9ances Maison des Arts et de l&rsquo;Image3 Rue du Prince Eug\u00e8ne 92500 RUEIL MALMAISON(Parking gratuit sur place)<\/p>\n","protected":false},"author":1,"featured_media":0,"parent":0,"menu_order":0,"comment_status":"closed","ping_status":"closed","template":"","meta":{"_coblocks_attr":"","_coblocks_dimensions":"","_coblocks_responsive_height":"","_coblocks_accordion_ie_support":"","_uag_custom_page_level_css":"","advgb_blocks_editor_width":"","advgb_blocks_columns_visual_guide":"","jetpack_post_was_ever_published":false,"footnotes":""},"class_list":["post-110","page","type-page","status-publish","hentry","entry"],"yoast_head":"<!-- This site is optimized with the Yoast SEO plugin v27.4 - https:\/\/yoast.com\/product\/yoast-seo-wordpress\/ -->\n<title>MINIATURES ET ENLUMINURE - ATELIERS CONTRASTE<\/title>\n<meta name=\"robots\" content=\"index, follow, max-snippet:-1, max-image-preview:large, max-video-preview:-1\" \/>\n<link rel=\"canonical\" href=\"https:\/\/ateliers-contraste.com\/index.php\/miniatures-et-enluminures\/\" \/>\n<meta property=\"og:locale\" content=\"fr_FR\" \/>\n<meta property=\"og:type\" content=\"article\" \/>\n<meta property=\"og:title\" content=\"MINIATURES ET ENLUMINURE - ATELIERS CONTRASTE\" \/>\n<meta property=\"og:description\" content=\"Atelier avec professeure Elisabeth BAILLI\u00c9 2025-2026Environ 2 vendredi par mois de 10H \u00e0 13HA partir du vendredi 10 octobre 2026 participation: 120&#215;3 euros pour 18 s\u00e9ances Maison des Arts et de l&rsquo;Image3 Rue du Prince Eug\u00e8ne 92500 RUEIL MALMAISON(Parking gratuit sur place)\" \/>\n<meta property=\"og:url\" content=\"https:\/\/ateliers-contraste.com\/index.php\/miniatures-et-enluminures\/\" \/>\n<meta property=\"og:site_name\" content=\"ATELIERS CONTRASTE\" \/>\n<meta property=\"article:modified_time\" content=\"2025-09-08T17:15:11+00:00\" \/>\n<meta property=\"og:image\" content=\"https:\/\/ateliers-contraste.com\/wp-content\/uploads\/2022\/12\/SUZANNE-SCHMITT-CONSULTATION-MEDICALE.jpg\" \/>\n<meta name=\"twitter:card\" content=\"summary_large_image\" \/>\n<meta name=\"twitter:label1\" content=\"Dur\u00e9e de lecture estim\u00e9e\" \/>\n\t<meta name=\"twitter:data1\" content=\"1 minute\" \/>\n<script type=\"application\/ld+json\" class=\"yoast-schema-graph\">{\"@context\":\"https:\\\/\\\/schema.org\",\"@graph\":[{\"@type\":\"WebPage\",\"@id\":\"https:\\\/\\\/ateliers-contraste.com\\\/index.php\\\/miniatures-et-enluminures\\\/\",\"url\":\"https:\\\/\\\/ateliers-contraste.com\\\/index.php\\\/miniatures-et-enluminures\\\/\",\"name\":\"MINIATURES ET ENLUMINURE - ATELIERS CONTRASTE\",\"isPartOf\":{\"@id\":\"https:\\\/\\\/ateliers-contraste.com\\\/#website\"},\"primaryImageOfPage\":{\"@id\":\"https:\\\/\\\/ateliers-contraste.com\\\/index.php\\\/miniatures-et-enluminures\\\/#primaryimage\"},\"image\":{\"@id\":\"https:\\\/\\\/ateliers-contraste.com\\\/index.php\\\/miniatures-et-enluminures\\\/#primaryimage\"},\"thumbnailUrl\":\"https:\\\/\\\/ateliers-contraste.com\\\/wp-content\\\/uploads\\\/2022\\\/12\\\/SUZANNE-SCHMITT-CONSULTATION-MEDICALE.jpg\",\"datePublished\":\"2020-02-19T16:14:36+00:00\",\"dateModified\":\"2025-09-08T17:15:11+00:00\",\"breadcrumb\":{\"@id\":\"https:\\\/\\\/ateliers-contraste.com\\\/index.php\\\/miniatures-et-enluminures\\\/#breadcrumb\"},\"inLanguage\":\"fr-FR\",\"potentialAction\":[{\"@type\":\"ReadAction\",\"target\":[\"https:\\\/\\\/ateliers-contraste.com\\\/index.php\\\/miniatures-et-enluminures\\\/\"]}]},{\"@type\":\"ImageObject\",\"inLanguage\":\"fr-FR\",\"@id\":\"https:\\\/\\\/ateliers-contraste.com\\\/index.php\\\/miniatures-et-enluminures\\\/#primaryimage\",\"url\":\"https:\\\/\\\/i0.wp.com\\\/ateliers-contraste.com\\\/wp-content\\\/uploads\\\/2022\\\/12\\\/SUZANNE-SCHMITT-CONSULTATION-MEDICALE.jpg?fit=348%2C568&ssl=1\",\"contentUrl\":\"https:\\\/\\\/i0.wp.com\\\/ateliers-contraste.com\\\/wp-content\\\/uploads\\\/2022\\\/12\\\/SUZANNE-SCHMITT-CONSULTATION-MEDICALE.jpg?fit=348%2C568&ssl=1\",\"width\":348,\"height\":568,\"caption\":\"Miniatures et Enluminures\"},{\"@type\":\"BreadcrumbList\",\"@id\":\"https:\\\/\\\/ateliers-contraste.com\\\/index.php\\\/miniatures-et-enluminures\\\/#breadcrumb\",\"itemListElement\":[{\"@type\":\"ListItem\",\"position\":1,\"name\":\"Accueil\",\"item\":\"https:\\\/\\\/ateliers-contraste.com\\\/\"},{\"@type\":\"ListItem\",\"position\":2,\"name\":\"MINIATURES ET ENLUMINURE\"}]},{\"@type\":\"WebSite\",\"@id\":\"https:\\\/\\\/ateliers-contraste.com\\\/#website\",\"url\":\"https:\\\/\\\/ateliers-contraste.com\\\/\",\"name\":\"ATELIERS CONTRASTE\",\"description\":\"Pratique des Arts Plastiques\",\"publisher\":{\"@id\":\"https:\\\/\\\/ateliers-contraste.com\\\/#organization\"},\"potentialAction\":[{\"@type\":\"SearchAction\",\"target\":{\"@type\":\"EntryPoint\",\"urlTemplate\":\"https:\\\/\\\/ateliers-contraste.com\\\/?s={search_term_string}\"},\"query-input\":{\"@type\":\"PropertyValueSpecification\",\"valueRequired\":true,\"valueName\":\"search_term_string\"}}],\"inLanguage\":\"fr-FR\"},{\"@type\":\"Organization\",\"@id\":\"https:\\\/\\\/ateliers-contraste.com\\\/#organization\",\"name\":\"ATELIERS CONTRASTE\",\"url\":\"https:\\\/\\\/ateliers-contraste.com\\\/\",\"logo\":{\"@type\":\"ImageObject\",\"inLanguage\":\"fr-FR\",\"@id\":\"https:\\\/\\\/ateliers-contraste.com\\\/#\\\/schema\\\/logo\\\/image\\\/\",\"url\":\"https:\\\/\\\/i2.wp.com\\\/ateliers-contraste.com\\\/wp-content\\\/uploads\\\/2020\\\/03\\\/logo-AC.jpg?fit=811%2C514\",\"contentUrl\":\"https:\\\/\\\/i2.wp.com\\\/ateliers-contraste.com\\\/wp-content\\\/uploads\\\/2020\\\/03\\\/logo-AC.jpg?fit=811%2C514\",\"width\":811,\"height\":514,\"caption\":\"ATELIERS CONTRASTE\"},\"image\":{\"@id\":\"https:\\\/\\\/ateliers-contraste.com\\\/#\\\/schema\\\/logo\\\/image\\\/\"}}]}<\/script>\n<!-- \/ Yoast SEO plugin. -->","yoast_head_json":{"title":"MINIATURES ET ENLUMINURE - ATELIERS CONTRASTE","robots":{"index":"index","follow":"follow","max-snippet":"max-snippet:-1","max-image-preview":"max-image-preview:large","max-video-preview":"max-video-preview:-1"},"canonical":"https:\/\/ateliers-contraste.com\/index.php\/miniatures-et-enluminures\/","og_locale":"fr_FR","og_type":"article","og_title":"MINIATURES ET ENLUMINURE - ATELIERS CONTRASTE","og_description":"Atelier avec professeure Elisabeth BAILLI\u00c9 2025-2026Environ 2 vendredi par mois de 10H \u00e0 13HA partir du vendredi 10 octobre 2026 participation: 120&#215;3 euros pour 18 s\u00e9ances Maison des Arts et de l&rsquo;Image3 Rue du Prince Eug\u00e8ne 92500 RUEIL MALMAISON(Parking gratuit sur place)","og_url":"https:\/\/ateliers-contraste.com\/index.php\/miniatures-et-enluminures\/","og_site_name":"ATELIERS CONTRASTE","article_modified_time":"2025-09-08T17:15:11+00:00","og_image":[{"url":"https:\/\/ateliers-contraste.com\/wp-content\/uploads\/2022\/12\/SUZANNE-SCHMITT-CONSULTATION-MEDICALE.jpg","type":"","width":"","height":""}],"twitter_card":"summary_large_image","twitter_misc":{"Dur\u00e9e de lecture estim\u00e9e":"1 minute"},"schema":{"@context":"https:\/\/schema.org","@graph":[{"@type":"WebPage","@id":"https:\/\/ateliers-contraste.com\/index.php\/miniatures-et-enluminures\/","url":"https:\/\/ateliers-contraste.com\/index.php\/miniatures-et-enluminures\/","name":"MINIATURES ET ENLUMINURE - ATELIERS CONTRASTE","isPartOf":{"@id":"https:\/\/ateliers-contraste.com\/#website"},"primaryImageOfPage":{"@id":"https:\/\/ateliers-contraste.com\/index.php\/miniatures-et-enluminures\/#primaryimage"},"image":{"@id":"https:\/\/ateliers-contraste.com\/index.php\/miniatures-et-enluminures\/#primaryimage"},"thumbnailUrl":"https:\/\/ateliers-contraste.com\/wp-content\/uploads\/2022\/12\/SUZANNE-SCHMITT-CONSULTATION-MEDICALE.jpg","datePublished":"2020-02-19T16:14:36+00:00","dateModified":"2025-09-08T17:15:11+00:00","breadcrumb":{"@id":"https:\/\/ateliers-contraste.com\/index.php\/miniatures-et-enluminures\/#breadcrumb"},"inLanguage":"fr-FR","potentialAction":[{"@type":"ReadAction","target":["https:\/\/ateliers-contraste.com\/index.php\/miniatures-et-enluminures\/"]}]},{"@type":"ImageObject","inLanguage":"fr-FR","@id":"https:\/\/ateliers-contraste.com\/index.php\/miniatures-et-enluminures\/#primaryimage","url":"https:\/\/i0.wp.com\/ateliers-contraste.com\/wp-content\/uploads\/2022\/12\/SUZANNE-SCHMITT-CONSULTATION-MEDICALE.jpg?fit=348%2C568&ssl=1","contentUrl":"https:\/\/i0.wp.com\/ateliers-contraste.com\/wp-content\/uploads\/2022\/12\/SUZANNE-SCHMITT-CONSULTATION-MEDICALE.jpg?fit=348%2C568&ssl=1","width":348,"height":568,"caption":"Miniatures et Enluminures"},{"@type":"BreadcrumbList","@id":"https:\/\/ateliers-contraste.com\/index.php\/miniatures-et-enluminures\/#breadcrumb","itemListElement":[{"@type":"ListItem","position":1,"name":"Accueil","item":"https:\/\/ateliers-contraste.com\/"},{"@type":"ListItem","position":2,"name":"MINIATURES ET ENLUMINURE"}]},{"@type":"WebSite","@id":"https:\/\/ateliers-contraste.com\/#website","url":"https:\/\/ateliers-contraste.com\/","name":"ATELIERS CONTRASTE","description":"Pratique des Arts Plastiques","publisher":{"@id":"https:\/\/ateliers-contraste.com\/#organization"},"potentialAction":[{"@type":"SearchAction","target":{"@type":"EntryPoint","urlTemplate":"https:\/\/ateliers-contraste.com\/?s={search_term_string}"},"query-input":{"@type":"PropertyValueSpecification","valueRequired":true,"valueName":"search_term_string"}}],"inLanguage":"fr-FR"},{"@type":"Organization","@id":"https:\/\/ateliers-contraste.com\/#organization","name":"ATELIERS CONTRASTE","url":"https:\/\/ateliers-contraste.com\/","logo":{"@type":"ImageObject","inLanguage":"fr-FR","@id":"https:\/\/ateliers-contraste.com\/#\/schema\/logo\/image\/","url":"https:\/\/i2.wp.com\/ateliers-contraste.com\/wp-content\/uploads\/2020\/03\/logo-AC.jpg?fit=811%2C514","contentUrl":"https:\/\/i2.wp.com\/ateliers-contraste.com\/wp-content\/uploads\/2020\/03\/logo-AC.jpg?fit=811%2C514","width":811,"height":514,"caption":"ATELIERS CONTRASTE"},"image":{"@id":"https:\/\/ateliers-contraste.com\/#\/schema\/logo\/image\/"}}]}},"uagb_featured_image_src":{"full":false,"thumbnail":false,"medium":false,"medium_large":false,"large":false,"1536x1536":false,"2048x2048":false,"post-thumbnail":false},"uagb_author_info":{"display_name":"admin8009","author_link":"https:\/\/ateliers-contraste.com\/index.php\/author\/admin8009\/"},"uagb_comment_info":0,"uagb_excerpt":"Atelier avec professeure Elisabeth BAILLI\u00c9 2025-2026Environ 2 vendredi par mois de 10H \u00e0 13HA partir du vendredi 10 octobre 2026 participation: 120&#215;3 euros pour 18 s\u00e9ances Maison des Arts et de l&rsquo;Image3 Rue du Prince Eug\u00e8ne 92500 RUEIL MALMAISON(Parking gratuit sur place)","coauthors":[],"author_meta":{"author_link":"https:\/\/ateliers-contraste.com\/index.php\/author\/admin8009\/","display_name":"admin8009"},"relative_dates":{"created":"Publi\u00e9 6 ans il y a","modified":"Mis \u00e0 jour 7 mois il y a"},"absolute_dates":{"created":"Publi\u00e9 le 19\/02\/2020","modified":"Mise \u00e0 jour le 08\/09\/2025"},"absolute_dates_time":{"created":"Publi\u00e9 le 19\/02\/2020 17 h 14 min","modified":"Mise \u00e0 jour le 08\/09\/2025 19 h 15 min"},"featured_img_caption":"","featured_img":false,"series_order":"","jetpack_sharing_enabled":true,"_links":{"self":[{"href":"https:\/\/ateliers-contraste.com\/index.php\/wp-json\/wp\/v2\/pages\/110","targetHints":{"allow":["GET"]}}],"collection":[{"href":"https:\/\/ateliers-contraste.com\/index.php\/wp-json\/wp\/v2\/pages"}],"about":[{"href":"https:\/\/ateliers-contraste.com\/index.php\/wp-json\/wp\/v2\/types\/page"}],"author":[{"embeddable":true,"href":"https:\/\/ateliers-contraste.com\/index.php\/wp-json\/wp\/v2\/users\/1"}],"replies":[{"embeddable":true,"href":"https:\/\/ateliers-contraste.com\/index.php\/wp-json\/wp\/v2\/comments?post=110"}],"version-history":[{"count":21,"href":"https:\/\/ateliers-contraste.com\/index.php\/wp-json\/wp\/v2\/pages\/110\/revisions"}],"predecessor-version":[{"id":2647,"href":"https:\/\/ateliers-contraste.com\/index.php\/wp-json\/wp\/v2\/pages\/110\/revisions\/2647"}],"wp:attachment":[{"href":"https:\/\/ateliers-contraste.com\/index.php\/wp-json\/wp\/v2\/media?parent=110"}],"curies":[{"name":"wp","href":"https:\/\/api.w.org\/{rel}","templated":true}]}}