{"id":1535,"date":"2024-03-30T17:31:38","date_gmt":"2024-03-30T16:31:38","guid":{"rendered":"https:\/\/ateliers-contraste.com\/?page_id=1535"},"modified":"2025-09-12T12:11:13","modified_gmt":"2025-09-12T10:11:13","slug":"adhesions-tarifs","status":"publish","type":"page","link":"https:\/\/ateliers-contraste.com\/index.php\/adhesions-tarifs\/","title":{"rendered":"ADH\u00c9SIONS &amp; TARIFS"},"content":{"rendered":"\n<p><strong>La cotisation annuelle \u00e0 l\u2019association est de 70\u20ac pour les Rueillois, <\/strong><br><strong>80\u20ac pour les non Rueillois, et de 20\u20ac pour les juniors.<\/strong><br><br><strong>Le montant des participations aux diverses activit\u00e9s est indiqu\u00e9 aux pages concern\u00e9es<\/strong>.<a href=\"mailto:atelierscontraste.sec@orange.fr\"> Contactez <\/a>nous pour une s\u00e9ance d&rsquo;essai.<\/p>\n\n\n\n<p class=\"has-text-align-center is-style-checkbox coblocks-animate\" data-coblocks-animation=\"zoomIn\">A ce jour, 8 septembre 2025, nous pouvons vous proposer de participer \u00e0 l&rsquo;atelier gravure (1 place), et bien s\u00fbr aux ateliers libres sans professeur, accessibles avec une simple cotisation annuelle<\/p>\n\n\n\n<p class=\"has-text-align-center is-style-checkbox coblocks-animate\" data-coblocks-animation=\"zoomIn\"><a href=\"https:\/\/ateliers-contraste.com\/wp-content\/uploads\/2025\/09\/Bulletin-d-inscription-2025-2026\" target=\"_blank\" rel=\"noreferrer noopener\">Bulletin d&rsquo;adh\u00e9sion<\/a><\/p>\n\n\n\n<div data-aos= \"zoom-in\" data-aos-duration=\"400\" data-aos-delay=\"0\" data-aos-easing=\"ease\" data-aos-once=\"true\" class=\"wp-block-uagb-image aligncenter uagb-block-f2bf44a5 wp-block-uagb-image--layout-default wp-block-uagb-image--effect-static wp-block-uagb-image--align-center\"><figure class=\"wp-block-uagb-image__figure\"><a class=\"\" href=\"https:\/\/ateliers-contraste.com\/\" target=\"\" rel=\"noopener\"><img data-recalc-dims=\"1\" decoding=\"async\" srcset=\"https:\/\/ateliers-contraste.com\/wp-content\/uploads\/2023\/12\/cropped-cropped-logoAteliersContraste2.jpg ,https:\/\/ateliers-contraste.com\/wp-content\/uploads\/2023\/12\/cropped-cropped-logoAteliersContraste2.jpg 780w, https:\/\/ateliers-contraste.com\/wp-content\/uploads\/2023\/12\/cropped-cropped-logoAteliersContraste2.jpg 360w\" sizes=\"auto, (max-width: 480px) 150px\" src=\"https:\/\/i0.wp.com\/ateliers-contraste.com\/wp-content\/uploads\/2023\/12\/cropped-cropped-logoAteliersContraste2.jpg?resize=178%2C158&#038;ssl=1\" alt=\"\" class=\"uag-image-1343\" width=\"178\" height=\"158\" title=\"\" loading=\"lazy\" role=\"presentation\"\/><\/a><\/figure><\/div>\n","protected":false},"excerpt":{"rendered":"<p>La cotisation annuelle \u00e0 l\u2019association est de 70\u20ac pour les Rueillois, 80\u20ac pour les non Rueillois, et de 20\u20ac pour les juniors. Le montant des participations aux diverses activit\u00e9s est indiqu\u00e9 aux pages concern\u00e9es. Contactez nous pour une s\u00e9ance d&rsquo;essai. A ce jour, 8 septembre 2025, nous pouvons vous proposer de participer \u00e0 l&rsquo;atelier gravure<a class=\"more-link\" href=\"https:\/\/ateliers-contraste.com\/index.php\/adhesions-tarifs\/\">Lire la suite <span class=\"screen-reader-text\">\u00ab\u00a0ADH\u00c9SIONS &amp; TARIFS\u00a0\u00bb<\/span><\/a><\/p>\n","protected":false},"author":1,"featured_media":0,"parent":0,"menu_order":0,"comment_status":"closed","ping_status":"closed","template":"","meta":{"_coblocks_attr":"","_coblocks_dimensions":"","_coblocks_responsive_height":"","_coblocks_accordion_ie_support":"","_uag_custom_page_level_css":"","advgb_blocks_editor_width":"","advgb_blocks_columns_visual_guide":"","jetpack_post_was_ever_published":false,"footnotes":""},"class_list":["post-1535","page","type-page","status-publish","hentry","entry"],"yoast_head":"<!-- This site is optimized with the Yoast SEO plugin v27.4 - https:\/\/yoast.com\/product\/yoast-seo-wordpress\/ -->\n<title>ADH\u00c9SIONS &amp; TARIFS - ATELIERS CONTRASTE<\/title>\n<meta name=\"robots\" content=\"index, follow, max-snippet:-1, max-image-preview:large, max-video-preview:-1\" \/>\n<link rel=\"canonical\" href=\"https:\/\/ateliers-contraste.com\/index.php\/adhesions-tarifs\/\" \/>\n<meta property=\"og:locale\" content=\"fr_FR\" \/>\n<meta property=\"og:type\" content=\"article\" \/>\n<meta property=\"og:title\" content=\"ADH\u00c9SIONS &amp; TARIFS - ATELIERS CONTRASTE\" \/>\n<meta property=\"og:description\" content=\"La cotisation annuelle \u00e0 l\u2019association est de 70\u20ac pour les Rueillois, 80\u20ac pour les non Rueillois, et de 20\u20ac pour les juniors. Le montant des participations aux diverses activit\u00e9s est indiqu\u00e9 aux pages concern\u00e9es. Contactez nous pour une s\u00e9ance d&rsquo;essai. A ce jour, 8 septembre 2025, nous pouvons vous proposer de participer \u00e0 l&rsquo;atelier gravureLire la suite &quot;ADH\u00c9SIONS &amp; TARIFS&quot;\" \/>\n<meta property=\"og:url\" content=\"https:\/\/ateliers-contraste.com\/index.php\/adhesions-tarifs\/\" \/>\n<meta property=\"og:site_name\" content=\"ATELIERS CONTRASTE\" \/>\n<meta property=\"article:modified_time\" content=\"2025-09-12T10:11:13+00:00\" \/>\n<meta property=\"og:image\" content=\"https:\/\/ateliers-contraste.com\/wp-content\/uploads\/2023\/12\/cropped-cropped-logoAteliersContraste2.jpg\" \/>\n<meta name=\"twitter:card\" content=\"summary_large_image\" \/>\n<meta name=\"twitter:label1\" content=\"Dur\u00e9e de lecture estim\u00e9e\" \/>\n\t<meta name=\"twitter:data1\" content=\"1 minute\" \/>\n<script type=\"application\/ld+json\" class=\"yoast-schema-graph\">{\"@context\":\"https:\\\/\\\/schema.org\",\"@graph\":[{\"@type\":\"WebPage\",\"@id\":\"https:\\\/\\\/ateliers-contraste.com\\\/index.php\\\/adhesions-tarifs\\\/\",\"url\":\"https:\\\/\\\/ateliers-contraste.com\\\/index.php\\\/adhesions-tarifs\\\/\",\"name\":\"ADH\u00c9SIONS &amp; TARIFS - ATELIERS CONTRASTE\",\"isPartOf\":{\"@id\":\"https:\\\/\\\/ateliers-contraste.com\\\/#website\"},\"primaryImageOfPage\":{\"@id\":\"https:\\\/\\\/ateliers-contraste.com\\\/index.php\\\/adhesions-tarifs\\\/#primaryimage\"},\"image\":{\"@id\":\"https:\\\/\\\/ateliers-contraste.com\\\/index.php\\\/adhesions-tarifs\\\/#primaryimage\"},\"thumbnailUrl\":\"https:\\\/\\\/ateliers-contraste.com\\\/wp-content\\\/uploads\\\/2023\\\/12\\\/cropped-cropped-logoAteliersContraste2.jpg\",\"datePublished\":\"2024-03-30T16:31:38+00:00\",\"dateModified\":\"2025-09-12T10:11:13+00:00\",\"breadcrumb\":{\"@id\":\"https:\\\/\\\/ateliers-contraste.com\\\/index.php\\\/adhesions-tarifs\\\/#breadcrumb\"},\"inLanguage\":\"fr-FR\",\"potentialAction\":[{\"@type\":\"ReadAction\",\"target\":[\"https:\\\/\\\/ateliers-contraste.com\\\/index.php\\\/adhesions-tarifs\\\/\"]}]},{\"@type\":\"ImageObject\",\"inLanguage\":\"fr-FR\",\"@id\":\"https:\\\/\\\/ateliers-contraste.com\\\/index.php\\\/adhesions-tarifs\\\/#primaryimage\",\"url\":\"https:\\\/\\\/i0.wp.com\\\/ateliers-contraste.com\\\/wp-content\\\/uploads\\\/2023\\\/12\\\/cropped-cropped-logoAteliersContraste2.jpg?fit=178%2C158&ssl=1\",\"contentUrl\":\"https:\\\/\\\/i0.wp.com\\\/ateliers-contraste.com\\\/wp-content\\\/uploads\\\/2023\\\/12\\\/cropped-cropped-logoAteliersContraste2.jpg?fit=178%2C158&ssl=1\",\"width\":178,\"height\":158},{\"@type\":\"BreadcrumbList\",\"@id\":\"https:\\\/\\\/ateliers-contraste.com\\\/index.php\\\/adhesions-tarifs\\\/#breadcrumb\",\"itemListElement\":[{\"@type\":\"ListItem\",\"position\":1,\"name\":\"Accueil\",\"item\":\"https:\\\/\\\/ateliers-contraste.com\\\/\"},{\"@type\":\"ListItem\",\"position\":2,\"name\":\"ADH\u00c9SIONS &amp; TARIFS\"}]},{\"@type\":\"WebSite\",\"@id\":\"https:\\\/\\\/ateliers-contraste.com\\\/#website\",\"url\":\"https:\\\/\\\/ateliers-contraste.com\\\/\",\"name\":\"ATELIERS CONTRASTE\",\"description\":\"Pratique des Arts Plastiques\",\"publisher\":{\"@id\":\"https:\\\/\\\/ateliers-contraste.com\\\/#organization\"},\"potentialAction\":[{\"@type\":\"SearchAction\",\"target\":{\"@type\":\"EntryPoint\",\"urlTemplate\":\"https:\\\/\\\/ateliers-contraste.com\\\/?s={search_term_string}\"},\"query-input\":{\"@type\":\"PropertyValueSpecification\",\"valueRequired\":true,\"valueName\":\"search_term_string\"}}],\"inLanguage\":\"fr-FR\"},{\"@type\":\"Organization\",\"@id\":\"https:\\\/\\\/ateliers-contraste.com\\\/#organization\",\"name\":\"ATELIERS CONTRASTE\",\"url\":\"https:\\\/\\\/ateliers-contraste.com\\\/\",\"logo\":{\"@type\":\"ImageObject\",\"inLanguage\":\"fr-FR\",\"@id\":\"https:\\\/\\\/ateliers-contraste.com\\\/#\\\/schema\\\/logo\\\/image\\\/\",\"url\":\"https:\\\/\\\/i2.wp.com\\\/ateliers-contraste.com\\\/wp-content\\\/uploads\\\/2020\\\/03\\\/logo-AC.jpg?fit=811%2C514\",\"contentUrl\":\"https:\\\/\\\/i2.wp.com\\\/ateliers-contraste.com\\\/wp-content\\\/uploads\\\/2020\\\/03\\\/logo-AC.jpg?fit=811%2C514\",\"width\":811,\"height\":514,\"caption\":\"ATELIERS CONTRASTE\"},\"image\":{\"@id\":\"https:\\\/\\\/ateliers-contraste.com\\\/#\\\/schema\\\/logo\\\/image\\\/\"}}]}<\/script>\n<!-- \/ Yoast SEO plugin. -->","yoast_head_json":{"title":"ADH\u00c9SIONS &amp; TARIFS - ATELIERS CONTRASTE","robots":{"index":"index","follow":"follow","max-snippet":"max-snippet:-1","max-image-preview":"max-image-preview:large","max-video-preview":"max-video-preview:-1"},"canonical":"https:\/\/ateliers-contraste.com\/index.php\/adhesions-tarifs\/","og_locale":"fr_FR","og_type":"article","og_title":"ADH\u00c9SIONS &amp; TARIFS - ATELIERS CONTRASTE","og_description":"La cotisation annuelle \u00e0 l\u2019association est de 70\u20ac pour les Rueillois, 80\u20ac pour les non Rueillois, et de 20\u20ac pour les juniors. Le montant des participations aux diverses activit\u00e9s est indiqu\u00e9 aux pages concern\u00e9es. Contactez nous pour une s\u00e9ance d&rsquo;essai. A ce jour, 8 septembre 2025, nous pouvons vous proposer de participer \u00e0 l&rsquo;atelier gravureLire la suite \"ADH\u00c9SIONS &amp; TARIFS\"","og_url":"https:\/\/ateliers-contraste.com\/index.php\/adhesions-tarifs\/","og_site_name":"ATELIERS CONTRASTE","article_modified_time":"2025-09-12T10:11:13+00:00","og_image":[{"url":"https:\/\/ateliers-contraste.com\/wp-content\/uploads\/2023\/12\/cropped-cropped-logoAteliersContraste2.jpg","type":"","width":"","height":""}],"twitter_card":"summary_large_image","twitter_misc":{"Dur\u00e9e de lecture estim\u00e9e":"1 minute"},"schema":{"@context":"https:\/\/schema.org","@graph":[{"@type":"WebPage","@id":"https:\/\/ateliers-contraste.com\/index.php\/adhesions-tarifs\/","url":"https:\/\/ateliers-contraste.com\/index.php\/adhesions-tarifs\/","name":"ADH\u00c9SIONS &amp; TARIFS - ATELIERS CONTRASTE","isPartOf":{"@id":"https:\/\/ateliers-contraste.com\/#website"},"primaryImageOfPage":{"@id":"https:\/\/ateliers-contraste.com\/index.php\/adhesions-tarifs\/#primaryimage"},"image":{"@id":"https:\/\/ateliers-contraste.com\/index.php\/adhesions-tarifs\/#primaryimage"},"thumbnailUrl":"https:\/\/ateliers-contraste.com\/wp-content\/uploads\/2023\/12\/cropped-cropped-logoAteliersContraste2.jpg","datePublished":"2024-03-30T16:31:38+00:00","dateModified":"2025-09-12T10:11:13+00:00","breadcrumb":{"@id":"https:\/\/ateliers-contraste.com\/index.php\/adhesions-tarifs\/#breadcrumb"},"inLanguage":"fr-FR","potentialAction":[{"@type":"ReadAction","target":["https:\/\/ateliers-contraste.com\/index.php\/adhesions-tarifs\/"]}]},{"@type":"ImageObject","inLanguage":"fr-FR","@id":"https:\/\/ateliers-contraste.com\/index.php\/adhesions-tarifs\/#primaryimage","url":"https:\/\/i0.wp.com\/ateliers-contraste.com\/wp-content\/uploads\/2023\/12\/cropped-cropped-logoAteliersContraste2.jpg?fit=178%2C158&ssl=1","contentUrl":"https:\/\/i0.wp.com\/ateliers-contraste.com\/wp-content\/uploads\/2023\/12\/cropped-cropped-logoAteliersContraste2.jpg?fit=178%2C158&ssl=1","width":178,"height":158},{"@type":"BreadcrumbList","@id":"https:\/\/ateliers-contraste.com\/index.php\/adhesions-tarifs\/#breadcrumb","itemListElement":[{"@type":"ListItem","position":1,"name":"Accueil","item":"https:\/\/ateliers-contraste.com\/"},{"@type":"ListItem","position":2,"name":"ADH\u00c9SIONS &amp; TARIFS"}]},{"@type":"WebSite","@id":"https:\/\/ateliers-contraste.com\/#website","url":"https:\/\/ateliers-contraste.com\/","name":"ATELIERS CONTRASTE","description":"Pratique des Arts Plastiques","publisher":{"@id":"https:\/\/ateliers-contraste.com\/#organization"},"potentialAction":[{"@type":"SearchAction","target":{"@type":"EntryPoint","urlTemplate":"https:\/\/ateliers-contraste.com\/?s={search_term_string}"},"query-input":{"@type":"PropertyValueSpecification","valueRequired":true,"valueName":"search_term_string"}}],"inLanguage":"fr-FR"},{"@type":"Organization","@id":"https:\/\/ateliers-contraste.com\/#organization","name":"ATELIERS CONTRASTE","url":"https:\/\/ateliers-contraste.com\/","logo":{"@type":"ImageObject","inLanguage":"fr-FR","@id":"https:\/\/ateliers-contraste.com\/#\/schema\/logo\/image\/","url":"https:\/\/i2.wp.com\/ateliers-contraste.com\/wp-content\/uploads\/2020\/03\/logo-AC.jpg?fit=811%2C514","contentUrl":"https:\/\/i2.wp.com\/ateliers-contraste.com\/wp-content\/uploads\/2020\/03\/logo-AC.jpg?fit=811%2C514","width":811,"height":514,"caption":"ATELIERS CONTRASTE"},"image":{"@id":"https:\/\/ateliers-contraste.com\/#\/schema\/logo\/image\/"}}]}},"uagb_featured_image_src":{"full":false,"thumbnail":false,"medium":false,"medium_large":false,"large":false,"1536x1536":false,"2048x2048":false,"post-thumbnail":false},"uagb_author_info":{"display_name":"admin8009","author_link":"https:\/\/ateliers-contraste.com\/index.php\/author\/admin8009\/"},"uagb_comment_info":0,"uagb_excerpt":"La cotisation annuelle \u00e0 l\u2019association est de 70\u20ac pour les Rueillois, 80\u20ac pour les non Rueillois, et de 20\u20ac pour les juniors. Le montant des participations aux diverses activit\u00e9s est indiqu\u00e9 aux pages concern\u00e9es. Contactez nous pour une s\u00e9ance d&rsquo;essai. A ce jour, 8 septembre 2025, nous pouvons vous proposer de participer \u00e0 l&rsquo;atelier gravureLire\u2026","coauthors":[],"author_meta":{"author_link":"https:\/\/ateliers-contraste.com\/index.php\/author\/admin8009\/","display_name":"admin8009"},"relative_dates":{"created":"Publi\u00e9 2 ans il y a","modified":"Mis \u00e0 jour 7 mois il y a"},"absolute_dates":{"created":"Publi\u00e9 le 30\/03\/2024","modified":"Mise \u00e0 jour le 12\/09\/2025"},"absolute_dates_time":{"created":"Publi\u00e9 le 30\/03\/2024 17 h 31 min","modified":"Mise \u00e0 jour le 12\/09\/2025 12 h 11 min"},"featured_img_caption":"","featured_img":false,"series_order":"","jetpack_sharing_enabled":true,"_links":{"self":[{"href":"https:\/\/ateliers-contraste.com\/index.php\/wp-json\/wp\/v2\/pages\/1535","targetHints":{"allow":["GET"]}}],"collection":[{"href":"https:\/\/ateliers-contraste.com\/index.php\/wp-json\/wp\/v2\/pages"}],"about":[{"href":"https:\/\/ateliers-contraste.com\/index.php\/wp-json\/wp\/v2\/types\/page"}],"author":[{"embeddable":true,"href":"https:\/\/ateliers-contraste.com\/index.php\/wp-json\/wp\/v2\/users\/1"}],"replies":[{"embeddable":true,"href":"https:\/\/ateliers-contraste.com\/index.php\/wp-json\/wp\/v2\/comments?post=1535"}],"version-history":[{"count":17,"href":"https:\/\/ateliers-contraste.com\/index.php\/wp-json\/wp\/v2\/pages\/1535\/revisions"}],"predecessor-version":[{"id":2661,"href":"https:\/\/ateliers-contraste.com\/index.php\/wp-json\/wp\/v2\/pages\/1535\/revisions\/2661"}],"wp:attachment":[{"href":"https:\/\/ateliers-contraste.com\/index.php\/wp-json\/wp\/v2\/media?parent=1535"}],"curies":[{"name":"wp","href":"https:\/\/api.w.org\/{rel}","templated":true}]}}