{"id":157,"date":"2020-02-21T13:00:26","date_gmt":"2020-02-21T12:00:26","guid":{"rendered":"http:\/\/artsgraphiques.art.blog\/?page_id=157"},"modified":"2026-04-03T14:35:27","modified_gmt":"2026-04-03T12:35:27","slug":"calendrier","status":"publish","type":"page","link":"https:\/\/ateliers-contraste.com\/index.php\/calendrier\/","title":{"rendered":"CALENDRIER"},"content":{"rendered":"\n<div class=\"wp-block-columns is-layout-flex wp-container-core-columns-is-layout-28f84493 wp-block-columns-is-layout-flex\">\n<div class=\"wp-block-column is-vertically-aligned-center is-layout-flow wp-block-column-is-layout-flow\" style=\"flex-basis:100%\">\n<p class=\"has-text-align-center\">Consultez le <a href=\"https:\/\/ateliers-contraste.com\/wp-content\/uploads\/2026\/02\/PLANNING-2025-2026-V11.pdf\" type=\"attachment\" id=\"2835\" target=\"_blank\" rel=\"noreferrer noopener\">calendrier 2025-206 complet<\/a>, ou mois par mois ci dessous<\/p>\n\n\n\n<p class=\"has-text-align-center is-style-default\" style=\"margin-top:-10px;margin-bottom:-10px;padding-top:0;padding-right:0;padding-bottom:0;padding-left:0;font-size:16px\"><em><em>Gravure : Tous les Vendredi  10h-13h &amp; 14h-17h \u00e0 la<\/em> <em>MAI<\/em><\/em><\/p>\n<\/div>\n<\/div>\n\n\n\n<p class=\"has-text-align-center\"><strong>AVRIL 2026<\/strong><\/p>\n\n\n\n<div class=\"wp-block-uagb-image uagb-block-306447c1 wp-block-uagb-image--layout-default wp-block-uagb-image--effect-static wp-block-uagb-image--align-none\"><figure class=\"wp-block-uagb-image__figure\"><img data-recalc-dims=\"1\" decoding=\"async\" srcset=\"https:\/\/ateliers-contraste.com\/wp-content\/uploads\/2025\/11\/Avr2026.png ,https:\/\/ateliers-contraste.com\/wp-content\/uploads\/2025\/11\/Avr2026.png 780w, https:\/\/ateliers-contraste.com\/wp-content\/uploads\/2025\/11\/Avr2026.png 360w\" sizes=\"auto, (max-width: 480px) 150px\" src=\"https:\/\/i0.wp.com\/ateliers-contraste.com\/wp-content\/uploads\/2025\/11\/Avr2026.png?resize=554%2C568&#038;ssl=1\" alt=\"\" class=\"uag-image-2744\" width=\"554\" height=\"568\" title=\"Avr2026\" loading=\"lazy\" role=\"img\"\/><\/figure><\/div>\n\n\n\n<p class=\"has-text-align-center\"><strong>MAI 2026<\/strong><\/p>\n\n\n\n<div class=\"wp-block-uagb-image uagb-block-647c492d wp-block-uagb-image--layout-default wp-block-uagb-image--effect-static wp-block-uagb-image--align-none\"><figure class=\"wp-block-uagb-image__figure\"><img data-recalc-dims=\"1\" decoding=\"async\" srcset=\"https:\/\/ateliers-contraste.com\/wp-content\/uploads\/2025\/11\/Mai2026.png ,https:\/\/ateliers-contraste.com\/wp-content\/uploads\/2025\/11\/Mai2026.png 780w, https:\/\/ateliers-contraste.com\/wp-content\/uploads\/2025\/11\/Mai2026.png 360w\" sizes=\"auto, (max-width: 480px) 150px\" src=\"https:\/\/i0.wp.com\/ateliers-contraste.com\/wp-content\/uploads\/2025\/11\/Mai2026.png?resize=578%2C551&#038;ssl=1\" alt=\"\" class=\"uag-image-2743\" width=\"578\" height=\"551\" title=\"Mai2026\" loading=\"lazy\" role=\"img\"\/><\/figure><\/div>\n\n\n\n<p class=\"has-text-align-center\"><strong>JUIN 2026<\/strong><\/p>\n\n\n\n<div class=\"wp-block-uagb-image uagb-block-028dc5d8 wp-block-uagb-image--layout-default wp-block-uagb-image--effect-static wp-block-uagb-image--align-none\"><figure class=\"wp-block-uagb-image__figure\"><img data-recalc-dims=\"1\" decoding=\"async\" srcset=\"https:\/\/ateliers-contraste.com\/wp-content\/uploads\/2025\/11\/Juin2026.png ,https:\/\/ateliers-contraste.com\/wp-content\/uploads\/2025\/11\/Juin2026.png 780w, https:\/\/ateliers-contraste.com\/wp-content\/uploads\/2025\/11\/Juin2026.png 360w\" sizes=\"auto, (max-width: 480px) 150px\" src=\"https:\/\/i0.wp.com\/ateliers-contraste.com\/wp-content\/uploads\/2025\/11\/Juin2026.png?resize=579%2C640&#038;ssl=1\" alt=\"\" class=\"uag-image-2742\" width=\"579\" height=\"640\" title=\"Juin2026\" loading=\"lazy\" role=\"img\"\/><\/figure><\/div>\n","protected":false},"excerpt":{"rendered":"<p>Consultez le calendrier 2025-206 complet, ou mois par mois ci dessous Gravure : Tous les Vendredi 10h-13h &amp; 14h-17h \u00e0 la MAI AVRIL 2026 MAI 2026 JUIN 2026<\/p>\n","protected":false},"author":1,"featured_media":0,"parent":0,"menu_order":0,"comment_status":"closed","ping_status":"closed","template":"","meta":{"_coblocks_attr":"","_coblocks_dimensions":"","_coblocks_responsive_height":"","_coblocks_accordion_ie_support":"","_uag_custom_page_level_css":"","advgb_blocks_editor_width":"","advgb_blocks_columns_visual_guide":"","jetpack_post_was_ever_published":false,"footnotes":""},"class_list":["post-157","page","type-page","status-publish","hentry","entry"],"yoast_head":"<!-- This site is optimized with the Yoast SEO plugin v27.5 - https:\/\/yoast.com\/product\/yoast-seo-wordpress\/ -->\n<title>CALENDRIER - ATELIERS CONTRASTE<\/title>\n<meta name=\"robots\" content=\"index, follow, max-snippet:-1, max-image-preview:large, max-video-preview:-1\" \/>\n<link rel=\"canonical\" href=\"https:\/\/ateliers-contraste.com\/index.php\/calendrier\/\" \/>\n<meta property=\"og:locale\" content=\"fr_FR\" \/>\n<meta property=\"og:type\" content=\"article\" \/>\n<meta property=\"og:title\" content=\"CALENDRIER - ATELIERS CONTRASTE\" \/>\n<meta property=\"og:description\" content=\"Consultez le calendrier 2025-206 complet, ou mois par mois ci dessous Gravure : Tous les Vendredi 10h-13h &amp; 14h-17h \u00e0 la MAI AVRIL 2026 MAI 2026 JUIN 2026\" \/>\n<meta property=\"og:url\" content=\"https:\/\/ateliers-contraste.com\/index.php\/calendrier\/\" \/>\n<meta property=\"og:site_name\" content=\"ATELIERS CONTRASTE\" \/>\n<meta property=\"article:modified_time\" content=\"2026-04-03T12:35:27+00:00\" \/>\n<meta property=\"og:image\" content=\"https:\/\/ateliers-contraste.com\/wp-content\/uploads\/2025\/11\/Avr2026.png\" \/>\n<meta name=\"twitter:card\" content=\"summary_large_image\" \/>\n<meta name=\"twitter:label1\" content=\"Dur\u00e9e de lecture estim\u00e9e\" \/>\n\t<meta name=\"twitter:data1\" content=\"1 minute\" \/>\n<script type=\"application\/ld+json\" class=\"yoast-schema-graph\">{\"@context\":\"https:\\\/\\\/schema.org\",\"@graph\":[{\"@type\":\"WebPage\",\"@id\":\"https:\\\/\\\/ateliers-contraste.com\\\/index.php\\\/calendrier\\\/\",\"url\":\"https:\\\/\\\/ateliers-contraste.com\\\/index.php\\\/calendrier\\\/\",\"name\":\"CALENDRIER - ATELIERS CONTRASTE\",\"isPartOf\":{\"@id\":\"https:\\\/\\\/ateliers-contraste.com\\\/#website\"},\"primaryImageOfPage\":{\"@id\":\"https:\\\/\\\/ateliers-contraste.com\\\/index.php\\\/calendrier\\\/#primaryimage\"},\"image\":{\"@id\":\"https:\\\/\\\/ateliers-contraste.com\\\/index.php\\\/calendrier\\\/#primaryimage\"},\"thumbnailUrl\":\"https:\\\/\\\/ateliers-contraste.com\\\/wp-content\\\/uploads\\\/2025\\\/11\\\/Avr2026.png\",\"datePublished\":\"2020-02-21T12:00:26+00:00\",\"dateModified\":\"2026-04-03T12:35:27+00:00\",\"breadcrumb\":{\"@id\":\"https:\\\/\\\/ateliers-contraste.com\\\/index.php\\\/calendrier\\\/#breadcrumb\"},\"inLanguage\":\"fr-FR\",\"potentialAction\":[{\"@type\":\"ReadAction\",\"target\":[\"https:\\\/\\\/ateliers-contraste.com\\\/index.php\\\/calendrier\\\/\"]}]},{\"@type\":\"ImageObject\",\"inLanguage\":\"fr-FR\",\"@id\":\"https:\\\/\\\/ateliers-contraste.com\\\/index.php\\\/calendrier\\\/#primaryimage\",\"url\":\"https:\\\/\\\/i0.wp.com\\\/ateliers-contraste.com\\\/wp-content\\\/uploads\\\/2025\\\/11\\\/Avr2026.png?fit=613%2C628&ssl=1\",\"contentUrl\":\"https:\\\/\\\/i0.wp.com\\\/ateliers-contraste.com\\\/wp-content\\\/uploads\\\/2025\\\/11\\\/Avr2026.png?fit=613%2C628&ssl=1\",\"width\":613,\"height\":628},{\"@type\":\"BreadcrumbList\",\"@id\":\"https:\\\/\\\/ateliers-contraste.com\\\/index.php\\\/calendrier\\\/#breadcrumb\",\"itemListElement\":[{\"@type\":\"ListItem\",\"position\":1,\"name\":\"Accueil\",\"item\":\"https:\\\/\\\/ateliers-contraste.com\\\/\"},{\"@type\":\"ListItem\",\"position\":2,\"name\":\"CALENDRIER\"}]},{\"@type\":\"WebSite\",\"@id\":\"https:\\\/\\\/ateliers-contraste.com\\\/#website\",\"url\":\"https:\\\/\\\/ateliers-contraste.com\\\/\",\"name\":\"ATELIERS CONTRASTE\",\"description\":\"Pratique des Arts Plastiques\",\"publisher\":{\"@id\":\"https:\\\/\\\/ateliers-contraste.com\\\/#organization\"},\"potentialAction\":[{\"@type\":\"SearchAction\",\"target\":{\"@type\":\"EntryPoint\",\"urlTemplate\":\"https:\\\/\\\/ateliers-contraste.com\\\/?s={search_term_string}\"},\"query-input\":{\"@type\":\"PropertyValueSpecification\",\"valueRequired\":true,\"valueName\":\"search_term_string\"}}],\"inLanguage\":\"fr-FR\"},{\"@type\":\"Organization\",\"@id\":\"https:\\\/\\\/ateliers-contraste.com\\\/#organization\",\"name\":\"ATELIERS CONTRASTE\",\"url\":\"https:\\\/\\\/ateliers-contraste.com\\\/\",\"logo\":{\"@type\":\"ImageObject\",\"inLanguage\":\"fr-FR\",\"@id\":\"https:\\\/\\\/ateliers-contraste.com\\\/#\\\/schema\\\/logo\\\/image\\\/\",\"url\":\"https:\\\/\\\/i2.wp.com\\\/ateliers-contraste.com\\\/wp-content\\\/uploads\\\/2020\\\/03\\\/logo-AC.jpg?fit=811%2C514\",\"contentUrl\":\"https:\\\/\\\/i2.wp.com\\\/ateliers-contraste.com\\\/wp-content\\\/uploads\\\/2020\\\/03\\\/logo-AC.jpg?fit=811%2C514\",\"width\":811,\"height\":514,\"caption\":\"ATELIERS CONTRASTE\"},\"image\":{\"@id\":\"https:\\\/\\\/ateliers-contraste.com\\\/#\\\/schema\\\/logo\\\/image\\\/\"}}]}<\/script>\n<!-- \/ Yoast SEO plugin. -->","yoast_head_json":{"title":"CALENDRIER - ATELIERS CONTRASTE","robots":{"index":"index","follow":"follow","max-snippet":"max-snippet:-1","max-image-preview":"max-image-preview:large","max-video-preview":"max-video-preview:-1"},"canonical":"https:\/\/ateliers-contraste.com\/index.php\/calendrier\/","og_locale":"fr_FR","og_type":"article","og_title":"CALENDRIER - ATELIERS CONTRASTE","og_description":"Consultez le calendrier 2025-206 complet, ou mois par mois ci dessous Gravure : Tous les Vendredi 10h-13h &amp; 14h-17h \u00e0 la MAI AVRIL 2026 MAI 2026 JUIN 2026","og_url":"https:\/\/ateliers-contraste.com\/index.php\/calendrier\/","og_site_name":"ATELIERS CONTRASTE","article_modified_time":"2026-04-03T12:35:27+00:00","og_image":[{"url":"https:\/\/ateliers-contraste.com\/wp-content\/uploads\/2025\/11\/Avr2026.png","type":"","width":"","height":""}],"twitter_card":"summary_large_image","twitter_misc":{"Dur\u00e9e de lecture estim\u00e9e":"1 minute"},"schema":{"@context":"https:\/\/schema.org","@graph":[{"@type":"WebPage","@id":"https:\/\/ateliers-contraste.com\/index.php\/calendrier\/","url":"https:\/\/ateliers-contraste.com\/index.php\/calendrier\/","name":"CALENDRIER - ATELIERS CONTRASTE","isPartOf":{"@id":"https:\/\/ateliers-contraste.com\/#website"},"primaryImageOfPage":{"@id":"https:\/\/ateliers-contraste.com\/index.php\/calendrier\/#primaryimage"},"image":{"@id":"https:\/\/ateliers-contraste.com\/index.php\/calendrier\/#primaryimage"},"thumbnailUrl":"https:\/\/ateliers-contraste.com\/wp-content\/uploads\/2025\/11\/Avr2026.png","datePublished":"2020-02-21T12:00:26+00:00","dateModified":"2026-04-03T12:35:27+00:00","breadcrumb":{"@id":"https:\/\/ateliers-contraste.com\/index.php\/calendrier\/#breadcrumb"},"inLanguage":"fr-FR","potentialAction":[{"@type":"ReadAction","target":["https:\/\/ateliers-contraste.com\/index.php\/calendrier\/"]}]},{"@type":"ImageObject","inLanguage":"fr-FR","@id":"https:\/\/ateliers-contraste.com\/index.php\/calendrier\/#primaryimage","url":"https:\/\/i0.wp.com\/ateliers-contraste.com\/wp-content\/uploads\/2025\/11\/Avr2026.png?fit=613%2C628&ssl=1","contentUrl":"https:\/\/i0.wp.com\/ateliers-contraste.com\/wp-content\/uploads\/2025\/11\/Avr2026.png?fit=613%2C628&ssl=1","width":613,"height":628},{"@type":"BreadcrumbList","@id":"https:\/\/ateliers-contraste.com\/index.php\/calendrier\/#breadcrumb","itemListElement":[{"@type":"ListItem","position":1,"name":"Accueil","item":"https:\/\/ateliers-contraste.com\/"},{"@type":"ListItem","position":2,"name":"CALENDRIER"}]},{"@type":"WebSite","@id":"https:\/\/ateliers-contraste.com\/#website","url":"https:\/\/ateliers-contraste.com\/","name":"ATELIERS CONTRASTE","description":"Pratique des Arts Plastiques","publisher":{"@id":"https:\/\/ateliers-contraste.com\/#organization"},"potentialAction":[{"@type":"SearchAction","target":{"@type":"EntryPoint","urlTemplate":"https:\/\/ateliers-contraste.com\/?s={search_term_string}"},"query-input":{"@type":"PropertyValueSpecification","valueRequired":true,"valueName":"search_term_string"}}],"inLanguage":"fr-FR"},{"@type":"Organization","@id":"https:\/\/ateliers-contraste.com\/#organization","name":"ATELIERS CONTRASTE","url":"https:\/\/ateliers-contraste.com\/","logo":{"@type":"ImageObject","inLanguage":"fr-FR","@id":"https:\/\/ateliers-contraste.com\/#\/schema\/logo\/image\/","url":"https:\/\/i2.wp.com\/ateliers-contraste.com\/wp-content\/uploads\/2020\/03\/logo-AC.jpg?fit=811%2C514","contentUrl":"https:\/\/i2.wp.com\/ateliers-contraste.com\/wp-content\/uploads\/2020\/03\/logo-AC.jpg?fit=811%2C514","width":811,"height":514,"caption":"ATELIERS CONTRASTE"},"image":{"@id":"https:\/\/ateliers-contraste.com\/#\/schema\/logo\/image\/"}}]}},"uagb_featured_image_src":{"full":false,"thumbnail":false,"medium":false,"medium_large":false,"large":false,"1536x1536":false,"2048x2048":false,"post-thumbnail":false},"uagb_author_info":{"display_name":"admin8009","author_link":"https:\/\/ateliers-contraste.com\/index.php\/author\/admin8009\/"},"uagb_comment_info":0,"uagb_excerpt":"Consultez le calendrier 2025-206 complet, ou mois par mois ci dessous Gravure : Tous les Vendredi 10h-13h &amp; 14h-17h \u00e0 la MAI AVRIL 2026 MAI 2026 JUIN 2026","coauthors":[],"author_meta":{"author_link":"https:\/\/ateliers-contraste.com\/index.php\/author\/admin8009\/","display_name":"admin8009"},"relative_dates":{"created":"Publi\u00e9 6 ans il y a","modified":"Mis \u00e0 jour 4 semaines il y a"},"absolute_dates":{"created":"Publi\u00e9 le 21\/02\/2020","modified":"Mise \u00e0 jour le 03\/04\/2026"},"absolute_dates_time":{"created":"Publi\u00e9 le 21\/02\/2020 13 h 00 min","modified":"Mise \u00e0 jour le 03\/04\/2026 14 h 35 min"},"featured_img_caption":"","featured_img":false,"series_order":"","jetpack_sharing_enabled":true,"_links":{"self":[{"href":"https:\/\/ateliers-contraste.com\/index.php\/wp-json\/wp\/v2\/pages\/157","targetHints":{"allow":["GET"]}}],"collection":[{"href":"https:\/\/ateliers-contraste.com\/index.php\/wp-json\/wp\/v2\/pages"}],"about":[{"href":"https:\/\/ateliers-contraste.com\/index.php\/wp-json\/wp\/v2\/types\/page"}],"author":[{"embeddable":true,"href":"https:\/\/ateliers-contraste.com\/index.php\/wp-json\/wp\/v2\/users\/1"}],"replies":[{"embeddable":true,"href":"https:\/\/ateliers-contraste.com\/index.php\/wp-json\/wp\/v2\/comments?post=157"}],"version-history":[{"count":47,"href":"https:\/\/ateliers-contraste.com\/index.php\/wp-json\/wp\/v2\/pages\/157\/revisions"}],"predecessor-version":[{"id":2921,"href":"https:\/\/ateliers-contraste.com\/index.php\/wp-json\/wp\/v2\/pages\/157\/revisions\/2921"}],"wp:attachment":[{"href":"https:\/\/ateliers-contraste.com\/index.php\/wp-json\/wp\/v2\/media?parent=157"}],"curies":[{"name":"wp","href":"https:\/\/api.w.org\/{rel}","templated":true}]}}