{"id":2579,"date":"2025-07-10T22:05:04","date_gmt":"2025-07-10T20:05:04","guid":{"rendered":"https:\/\/ateliers-contraste.com\/?page_id=2579"},"modified":"2025-09-08T19:20:48","modified_gmt":"2025-09-08T17:20:48","slug":"vitrail-tiffany","status":"publish","type":"page","link":"https:\/\/ateliers-contraste.com\/index.php\/vitrail-tiffany\/","title":{"rendered":"VITRAIL TIFFANY"},"content":{"rendered":"\n<div class=\"wp-block-kadence-image kb-image2579_cad1ff-14\"><figure class=\"aligncenter size-large\"><img data-recalc-dims=\"1\" loading=\"lazy\" decoding=\"async\" width=\"552\" height=\"1024\" src=\"https:\/\/i0.wp.com\/ateliers-contraste.com\/wp-content\/uploads\/2025\/07\/vitrail.jpg?resize=552%2C1024&#038;ssl=1\" alt=\"\" class=\"kb-img wp-image-2580\" srcset=\"https:\/\/i0.wp.com\/ateliers-contraste.com\/wp-content\/uploads\/2025\/07\/vitrail-scaled.jpg?resize=552%2C1024&amp;ssl=1 552w, https:\/\/i0.wp.com\/ateliers-contraste.com\/wp-content\/uploads\/2025\/07\/vitrail-scaled.jpg?resize=162%2C300&amp;ssl=1 162w, https:\/\/i0.wp.com\/ateliers-contraste.com\/wp-content\/uploads\/2025\/07\/vitrail-scaled.jpg?resize=768%2C1424&amp;ssl=1 768w, https:\/\/i0.wp.com\/ateliers-contraste.com\/wp-content\/uploads\/2025\/07\/vitrail-scaled.jpg?resize=829%2C1536&amp;ssl=1 829w, https:\/\/i0.wp.com\/ateliers-contraste.com\/wp-content\/uploads\/2025\/07\/vitrail-scaled.jpg?resize=1105%2C2048&amp;ssl=1 1105w, https:\/\/i0.wp.com\/ateliers-contraste.com\/wp-content\/uploads\/2025\/07\/vitrail-scaled.jpg?resize=1568%2C2907&amp;ssl=1 1568w, https:\/\/i0.wp.com\/ateliers-contraste.com\/wp-content\/uploads\/2025\/07\/vitrail-scaled.jpg?w=1381&amp;ssl=1 1381w\" sizes=\"auto, (max-width: 552px) 100vw, 552px\" \/><figcaption>Vitrail TIFFANY<\/figcaption><\/figure><\/div>\n\n\n\n<p class=\"has-text-align-left\"><strong>Ateliers Contraste \u00e9toffe son offre artistique. <\/strong><\/p>\n\n\n\n<p class=\"has-text-align-left has-arial-font-family has-custom-font\" style=\"font-family:Arial\"><strong>Un atelier de travail du verre et vitrail (vitrail Tiffany o\u00f9 le cuivre est utilis\u00e9 \u00e0 la place du plomb) est propos\u00e9 d\u00e9s septembre 2025.<br>Cet atelier aborde l&rsquo;aspect technique historique et artistique du vitrail dans une progression structur\u00e9e.<br>Il permet de d\u00e9couvrir le mat\u00e9riau verre, apprendre \u00e0 mener une coloration, faire le report d&rsquo;un mod\u00e8le, couper le verre, et r\u00e9aliser un projet personnel. <\/strong><br><strong>Donnez libre court \u00e0 votre inspiration cr\u00e9atrice en utilisant les techniques de fusing et de peinture sur verre.<br><br>L\u2019intervenante, Catherine Marchal, est Ma\u00eetre Artisan en artisanat d\u2019art verrier.<br>\u00a0<br>Aucune connaissance particuli\u00e8re en dessin ou en peinture n&rsquo;est requise<\/strong>.<\/p>\n\n\n\n<p class=\"has-text-align-center\"><strong>Le lundi de 10h00 \u00e0 13h00 \u00e0 la MAI &#8211; 15 s\u00e9ances par an<\/strong> <\/p>\n\n\n\n<p class=\"has-text-align-center is-style-info\"><strong>A partir du 6 octobre 2025 <\/strong><\/p>\n\n\n\n<p>Puis en 2025 les lundis 3\/11, 17\/11, 1\/12, 15\/12<br>et en 2026 les lundis 12\/1, 26\/1, 2\/2, 16\/2, 16\/3, 30\/3, 6\/4, 4\/5, 18\/5, 1\/6<\/p>\n\n\n\n<p class=\"has-text-align-center\"><strong>3&#215;120\u20ac + 50 \u20ac de participation pour le mat\u00e9riel<\/strong><\/p>\n\n\n\n<p class=\"has-text-align-center\"><strong>M<\/strong>aison des&nbsp;<strong>A<\/strong>rts et de l\u2019<strong>I<\/strong>mage<br>3, rue du Prince Eug\u00e8ne 92500 RUEIL MALMAISON<br>(Parking gratuit sur place)<\/p>\n\n\n\n<div class=\"wp-block-group is-vertical is-content-justification-center is-nowrap is-layout-flex wp-container-core-group-is-layout-857ef822 wp-block-group-is-layout-flex\"><div class=\"kb-google-maps-container kb-google-maps-container2579_2ca7df-df  wp-block-kadence-googlemaps\" data-mapid=\"2579_2ca7dfdf\"><iframe width=\"100%\" height=\"100%\"\n\t\t\t\t\t\t\tstyle=\"border:0\" loading=\"lazy\"\n\t\t\t\t\t\t\tsrc=\"https:\/\/www.google.com\/maps\/embed\/v1\/place?key=AIzaSyBAM2o7PiQqwk15LC1XRH2e_KJ-jUa7KYk&#038;zoom=16&#038;maptype=roadmap&#038;q=3%2C+rue+du+Prince+Eug%C3%A8ne+92500+RUEIL+MALMAISON\"\n\t\t\t\t\t\t\ttitle=\"Carte Google de 3, rue du Prince Eug\u00e8ne 92500 RUEIL MALMAISON\"><\/iframe><\/div><script>function kb_google_map2579_2ca7dfdf() { let center = { lat: 37.8201, lng: -122.4781}; let map = new google.maps.Map(document.getElementById(\"kb-google-map2579_2ca7dfdf\"), {\n\t\t\t\t\t    zoom: 16,\n\t\t\t\t\t    center: center,});let marker = new google.maps.Marker({   position: { lat: 37.8201, lng: -122.4781},    map: map,  });}<\/script><\/div>\n\n\n\n<p><\/p>\n\n\n\n<p><\/p>\n<style class=\"advgb-styles-renderer\">.kb-image2579_cad1ff-14.kb-image-is-ratio-size, .kb-image2579_cad1ff-14 .kb-image-is-ratio-size{max-width:149px;width:100%;}.wp-block-kadence-column > .kt-inside-inner-col > .kb-image2579_cad1ff-14.kb-image-is-ratio-size, .wp-block-kadence-column > .kt-inside-inner-col > .kb-image2579_cad1ff-14 .kb-image-is-ratio-size{align-self:unset;}.kb-image2579_cad1ff-14 figure{max-width:149px;}.kb-image2579_cad1ff-14 .image-is-svg, .kb-image2579_cad1ff-14 .image-is-svg img{width:100%;}.kb-image2579_cad1ff-14 .kb-image-has-overlay:after{opacity:0.3;}.kb-google-maps-container2579_2ca7df-df{max-width:300px;height:200px;}<\/style>","protected":false},"excerpt":{"rendered":"<p>Ateliers Contraste \u00e9toffe son offre artistique. Un atelier de travail du verre et vitrail (vitrail Tiffany o\u00f9 le cuivre est utilis\u00e9 \u00e0 la place du plomb) est propos\u00e9 d\u00e9s septembre 2025.Cet atelier aborde l&rsquo;aspect technique historique et artistique du vitrail dans une progression structur\u00e9e.Il permet de d\u00e9couvrir le mat\u00e9riau verre, apprendre \u00e0 mener une coloration,<a class=\"more-link\" href=\"https:\/\/ateliers-contraste.com\/index.php\/vitrail-tiffany\/\">Lire la suite <span class=\"screen-reader-text\">\u00ab\u00a0VITRAIL TIFFANY\u00a0\u00bb<\/span><\/a><\/p>\n","protected":false},"author":32,"featured_media":0,"parent":0,"menu_order":0,"comment_status":"closed","ping_status":"closed","template":"","meta":{"_coblocks_attr":"Arial","_coblocks_dimensions":"","_coblocks_responsive_height":"","_coblocks_accordion_ie_support":"","_uag_custom_page_level_css":"","advgb_blocks_editor_width":"","advgb_blocks_columns_visual_guide":"","jetpack_post_was_ever_published":false,"footnotes":""},"class_list":["post-2579","page","type-page","status-publish","hentry","entry"],"yoast_head":"<!-- This site is optimized with the Yoast SEO plugin v27.5 - https:\/\/yoast.com\/product\/yoast-seo-wordpress\/ -->\n<title>VITRAIL TIFFANY - ATELIERS CONTRASTE<\/title>\n<meta name=\"robots\" content=\"index, follow, max-snippet:-1, max-image-preview:large, max-video-preview:-1\" \/>\n<link rel=\"canonical\" href=\"https:\/\/ateliers-contraste.com\/index.php\/vitrail-tiffany\/\" \/>\n<meta property=\"og:locale\" content=\"fr_FR\" \/>\n<meta property=\"og:type\" content=\"article\" \/>\n<meta property=\"og:title\" content=\"VITRAIL TIFFANY - ATELIERS CONTRASTE\" \/>\n<meta property=\"og:description\" content=\"Ateliers Contraste \u00e9toffe son offre artistique. Un atelier de travail du verre et vitrail (vitrail Tiffany o\u00f9 le cuivre est utilis\u00e9 \u00e0 la place du plomb) est propos\u00e9 d\u00e9s septembre 2025.Cet atelier aborde l&rsquo;aspect technique historique et artistique du vitrail dans une progression structur\u00e9e.Il permet de d\u00e9couvrir le mat\u00e9riau verre, apprendre \u00e0 mener une coloration,Lire la suite &quot;VITRAIL TIFFANY&quot;\" \/>\n<meta property=\"og:url\" content=\"https:\/\/ateliers-contraste.com\/index.php\/vitrail-tiffany\/\" \/>\n<meta property=\"og:site_name\" content=\"ATELIERS CONTRASTE\" \/>\n<meta property=\"article:modified_time\" content=\"2025-09-08T17:20:48+00:00\" \/>\n<meta property=\"og:image\" content=\"https:\/\/ateliers-contraste.com\/wp-content\/uploads\/2025\/07\/vitrail-552x1024.jpg\" \/>\n<meta name=\"twitter:card\" content=\"summary_large_image\" \/>\n<meta name=\"twitter:label1\" content=\"Dur\u00e9e de lecture estim\u00e9e\" \/>\n\t<meta name=\"twitter:data1\" content=\"2 minutes\" \/>\n<script type=\"application\/ld+json\" class=\"yoast-schema-graph\">{\"@context\":\"https:\\\/\\\/schema.org\",\"@graph\":[{\"@type\":\"WebPage\",\"@id\":\"https:\\\/\\\/ateliers-contraste.com\\\/index.php\\\/vitrail-tiffany\\\/\",\"url\":\"https:\\\/\\\/ateliers-contraste.com\\\/index.php\\\/vitrail-tiffany\\\/\",\"name\":\"VITRAIL TIFFANY - ATELIERS CONTRASTE\",\"isPartOf\":{\"@id\":\"https:\\\/\\\/ateliers-contraste.com\\\/#website\"},\"primaryImageOfPage\":{\"@id\":\"https:\\\/\\\/ateliers-contraste.com\\\/index.php\\\/vitrail-tiffany\\\/#primaryimage\"},\"image\":{\"@id\":\"https:\\\/\\\/ateliers-contraste.com\\\/index.php\\\/vitrail-tiffany\\\/#primaryimage\"},\"thumbnailUrl\":\"https:\\\/\\\/ateliers-contraste.com\\\/wp-content\\\/uploads\\\/2025\\\/07\\\/vitrail-552x1024.jpg\",\"datePublished\":\"2025-07-10T20:05:04+00:00\",\"dateModified\":\"2025-09-08T17:20:48+00:00\",\"breadcrumb\":{\"@id\":\"https:\\\/\\\/ateliers-contraste.com\\\/index.php\\\/vitrail-tiffany\\\/#breadcrumb\"},\"inLanguage\":\"fr-FR\",\"potentialAction\":[{\"@type\":\"ReadAction\",\"target\":[\"https:\\\/\\\/ateliers-contraste.com\\\/index.php\\\/vitrail-tiffany\\\/\"]}]},{\"@type\":\"ImageObject\",\"inLanguage\":\"fr-FR\",\"@id\":\"https:\\\/\\\/ateliers-contraste.com\\\/index.php\\\/vitrail-tiffany\\\/#primaryimage\",\"url\":\"https:\\\/\\\/i0.wp.com\\\/ateliers-contraste.com\\\/wp-content\\\/uploads\\\/2025\\\/07\\\/vitrail-scaled.jpg?fit=1381%2C2560&ssl=1\",\"contentUrl\":\"https:\\\/\\\/i0.wp.com\\\/ateliers-contraste.com\\\/wp-content\\\/uploads\\\/2025\\\/07\\\/vitrail-scaled.jpg?fit=1381%2C2560&ssl=1\",\"width\":1381,\"height\":2560,\"caption\":\"Vitrail TIFFANY\"},{\"@type\":\"BreadcrumbList\",\"@id\":\"https:\\\/\\\/ateliers-contraste.com\\\/index.php\\\/vitrail-tiffany\\\/#breadcrumb\",\"itemListElement\":[{\"@type\":\"ListItem\",\"position\":1,\"name\":\"Accueil\",\"item\":\"https:\\\/\\\/ateliers-contraste.com\\\/\"},{\"@type\":\"ListItem\",\"position\":2,\"name\":\"VITRAIL TIFFANY\"}]},{\"@type\":\"WebSite\",\"@id\":\"https:\\\/\\\/ateliers-contraste.com\\\/#website\",\"url\":\"https:\\\/\\\/ateliers-contraste.com\\\/\",\"name\":\"ATELIERS CONTRASTE\",\"description\":\"Pratique des Arts Plastiques\",\"publisher\":{\"@id\":\"https:\\\/\\\/ateliers-contraste.com\\\/#organization\"},\"potentialAction\":[{\"@type\":\"SearchAction\",\"target\":{\"@type\":\"EntryPoint\",\"urlTemplate\":\"https:\\\/\\\/ateliers-contraste.com\\\/?s={search_term_string}\"},\"query-input\":{\"@type\":\"PropertyValueSpecification\",\"valueRequired\":true,\"valueName\":\"search_term_string\"}}],\"inLanguage\":\"fr-FR\"},{\"@type\":\"Organization\",\"@id\":\"https:\\\/\\\/ateliers-contraste.com\\\/#organization\",\"name\":\"ATELIERS CONTRASTE\",\"url\":\"https:\\\/\\\/ateliers-contraste.com\\\/\",\"logo\":{\"@type\":\"ImageObject\",\"inLanguage\":\"fr-FR\",\"@id\":\"https:\\\/\\\/ateliers-contraste.com\\\/#\\\/schema\\\/logo\\\/image\\\/\",\"url\":\"https:\\\/\\\/i2.wp.com\\\/ateliers-contraste.com\\\/wp-content\\\/uploads\\\/2020\\\/03\\\/logo-AC.jpg?fit=811%2C514\",\"contentUrl\":\"https:\\\/\\\/i2.wp.com\\\/ateliers-contraste.com\\\/wp-content\\\/uploads\\\/2020\\\/03\\\/logo-AC.jpg?fit=811%2C514\",\"width\":811,\"height\":514,\"caption\":\"ATELIERS CONTRASTE\"},\"image\":{\"@id\":\"https:\\\/\\\/ateliers-contraste.com\\\/#\\\/schema\\\/logo\\\/image\\\/\"}}]}<\/script>\n<!-- \/ Yoast SEO plugin. -->","yoast_head_json":{"title":"VITRAIL TIFFANY - ATELIERS CONTRASTE","robots":{"index":"index","follow":"follow","max-snippet":"max-snippet:-1","max-image-preview":"max-image-preview:large","max-video-preview":"max-video-preview:-1"},"canonical":"https:\/\/ateliers-contraste.com\/index.php\/vitrail-tiffany\/","og_locale":"fr_FR","og_type":"article","og_title":"VITRAIL TIFFANY - ATELIERS CONTRASTE","og_description":"Ateliers Contraste \u00e9toffe son offre artistique. Un atelier de travail du verre et vitrail (vitrail Tiffany o\u00f9 le cuivre est utilis\u00e9 \u00e0 la place du plomb) est propos\u00e9 d\u00e9s septembre 2025.Cet atelier aborde l&rsquo;aspect technique historique et artistique du vitrail dans une progression structur\u00e9e.Il permet de d\u00e9couvrir le mat\u00e9riau verre, apprendre \u00e0 mener une coloration,Lire la suite \"VITRAIL TIFFANY\"","og_url":"https:\/\/ateliers-contraste.com\/index.php\/vitrail-tiffany\/","og_site_name":"ATELIERS CONTRASTE","article_modified_time":"2025-09-08T17:20:48+00:00","og_image":[{"url":"https:\/\/ateliers-contraste.com\/wp-content\/uploads\/2025\/07\/vitrail-552x1024.jpg","type":"","width":"","height":""}],"twitter_card":"summary_large_image","twitter_misc":{"Dur\u00e9e de lecture estim\u00e9e":"2 minutes"},"schema":{"@context":"https:\/\/schema.org","@graph":[{"@type":"WebPage","@id":"https:\/\/ateliers-contraste.com\/index.php\/vitrail-tiffany\/","url":"https:\/\/ateliers-contraste.com\/index.php\/vitrail-tiffany\/","name":"VITRAIL TIFFANY - ATELIERS CONTRASTE","isPartOf":{"@id":"https:\/\/ateliers-contraste.com\/#website"},"primaryImageOfPage":{"@id":"https:\/\/ateliers-contraste.com\/index.php\/vitrail-tiffany\/#primaryimage"},"image":{"@id":"https:\/\/ateliers-contraste.com\/index.php\/vitrail-tiffany\/#primaryimage"},"thumbnailUrl":"https:\/\/ateliers-contraste.com\/wp-content\/uploads\/2025\/07\/vitrail-552x1024.jpg","datePublished":"2025-07-10T20:05:04+00:00","dateModified":"2025-09-08T17:20:48+00:00","breadcrumb":{"@id":"https:\/\/ateliers-contraste.com\/index.php\/vitrail-tiffany\/#breadcrumb"},"inLanguage":"fr-FR","potentialAction":[{"@type":"ReadAction","target":["https:\/\/ateliers-contraste.com\/index.php\/vitrail-tiffany\/"]}]},{"@type":"ImageObject","inLanguage":"fr-FR","@id":"https:\/\/ateliers-contraste.com\/index.php\/vitrail-tiffany\/#primaryimage","url":"https:\/\/i0.wp.com\/ateliers-contraste.com\/wp-content\/uploads\/2025\/07\/vitrail-scaled.jpg?fit=1381%2C2560&ssl=1","contentUrl":"https:\/\/i0.wp.com\/ateliers-contraste.com\/wp-content\/uploads\/2025\/07\/vitrail-scaled.jpg?fit=1381%2C2560&ssl=1","width":1381,"height":2560,"caption":"Vitrail TIFFANY"},{"@type":"BreadcrumbList","@id":"https:\/\/ateliers-contraste.com\/index.php\/vitrail-tiffany\/#breadcrumb","itemListElement":[{"@type":"ListItem","position":1,"name":"Accueil","item":"https:\/\/ateliers-contraste.com\/"},{"@type":"ListItem","position":2,"name":"VITRAIL TIFFANY"}]},{"@type":"WebSite","@id":"https:\/\/ateliers-contraste.com\/#website","url":"https:\/\/ateliers-contraste.com\/","name":"ATELIERS CONTRASTE","description":"Pratique des Arts Plastiques","publisher":{"@id":"https:\/\/ateliers-contraste.com\/#organization"},"potentialAction":[{"@type":"SearchAction","target":{"@type":"EntryPoint","urlTemplate":"https:\/\/ateliers-contraste.com\/?s={search_term_string}"},"query-input":{"@type":"PropertyValueSpecification","valueRequired":true,"valueName":"search_term_string"}}],"inLanguage":"fr-FR"},{"@type":"Organization","@id":"https:\/\/ateliers-contraste.com\/#organization","name":"ATELIERS CONTRASTE","url":"https:\/\/ateliers-contraste.com\/","logo":{"@type":"ImageObject","inLanguage":"fr-FR","@id":"https:\/\/ateliers-contraste.com\/#\/schema\/logo\/image\/","url":"https:\/\/i2.wp.com\/ateliers-contraste.com\/wp-content\/uploads\/2020\/03\/logo-AC.jpg?fit=811%2C514","contentUrl":"https:\/\/i2.wp.com\/ateliers-contraste.com\/wp-content\/uploads\/2020\/03\/logo-AC.jpg?fit=811%2C514","width":811,"height":514,"caption":"ATELIERS CONTRASTE"},"image":{"@id":"https:\/\/ateliers-contraste.com\/#\/schema\/logo\/image\/"}}]}},"uagb_featured_image_src":{"full":false,"thumbnail":false,"medium":false,"medium_large":false,"large":false,"1536x1536":false,"2048x2048":false,"post-thumbnail":false},"uagb_author_info":{"display_name":"JM G","author_link":"https:\/\/ateliers-contraste.com\/index.php\/author\/jmadmin\/"},"uagb_comment_info":0,"uagb_excerpt":"Ateliers Contraste \u00e9toffe son offre artistique. Un atelier de travail du verre et vitrail (vitrail Tiffany o\u00f9 le cuivre est utilis\u00e9 \u00e0 la place du plomb) est propos\u00e9 d\u00e9s septembre 2025.Cet atelier aborde l&rsquo;aspect technique historique et artistique du vitrail dans une progression structur\u00e9e.Il permet de d\u00e9couvrir le mat\u00e9riau verre, apprendre \u00e0 mener une coloration,Lire\u2026","coauthors":[],"author_meta":{"author_link":"https:\/\/ateliers-contraste.com\/index.php\/author\/jmadmin\/","display_name":"JM G"},"relative_dates":{"created":"Publi\u00e9 10 mois il y a","modified":"Mis \u00e0 jour 8 mois il y a"},"absolute_dates":{"created":"Publi\u00e9 le 10\/07\/2025","modified":"Mise \u00e0 jour le 08\/09\/2025"},"absolute_dates_time":{"created":"Publi\u00e9 le 10\/07\/2025 22 h 05 min","modified":"Mise \u00e0 jour le 08\/09\/2025 19 h 20 min"},"featured_img_caption":"","featured_img":false,"series_order":"","jetpack_sharing_enabled":true,"_links":{"self":[{"href":"https:\/\/ateliers-contraste.com\/index.php\/wp-json\/wp\/v2\/pages\/2579","targetHints":{"allow":["GET"]}}],"collection":[{"href":"https:\/\/ateliers-contraste.com\/index.php\/wp-json\/wp\/v2\/pages"}],"about":[{"href":"https:\/\/ateliers-contraste.com\/index.php\/wp-json\/wp\/v2\/types\/page"}],"author":[{"embeddable":true,"href":"https:\/\/ateliers-contraste.com\/index.php\/wp-json\/wp\/v2\/users\/32"}],"replies":[{"embeddable":true,"href":"https:\/\/ateliers-contraste.com\/index.php\/wp-json\/wp\/v2\/comments?post=2579"}],"version-history":[{"count":3,"href":"https:\/\/ateliers-contraste.com\/index.php\/wp-json\/wp\/v2\/pages\/2579\/revisions"}],"predecessor-version":[{"id":2649,"href":"https:\/\/ateliers-contraste.com\/index.php\/wp-json\/wp\/v2\/pages\/2579\/revisions\/2649"}],"wp:attachment":[{"href":"https:\/\/ateliers-contraste.com\/index.php\/wp-json\/wp\/v2\/media?parent=2579"}],"curies":[{"name":"wp","href":"https:\/\/api.w.org\/{rel}","templated":true}]}}