{"id":51,"date":"2020-02-18T11:13:56","date_gmt":"2020-02-18T10:13:56","guid":{"rendered":"http:\/\/artsgraphiques.art.blog\/?page_id=51"},"modified":"2024-07-29T08:10:33","modified_gmt":"2024-07-29T06:10:33","slug":"contacts","status":"publish","type":"page","link":"https:\/\/ateliers-contraste.com\/index.php\/contacts\/","title":{"rendered":"CONTACTS"},"content":{"rendered":"\n<p class=\"has-text-align-center\"><strong>Directement <\/strong>\u00e0 la<strong> M<\/strong>aison des<strong> A<\/strong>rts et de <strong>I<\/strong>mage <br> 3, Rue du Prince Eug\u00e8ne Rueil Malmaison<br>(parking sur place)<\/p>\n\n\n<div class=\"kb-google-maps-container kb-google-maps-container51_8bb00a-f5  wp-block-kadence-googlemaps\" data-mapid=\"51_8bb00af5\"><iframe width=\"100%\" height=\"100%\"\n\t\t\t\t\t\t\tstyle=\"border:0\" loading=\"lazy\"\n\t\t\t\t\t\t\tsrc=\"https:\/\/www.google.com\/maps\/embed\/v1\/place?key=AIzaSyBAM2o7PiQqwk15LC1XRH2e_KJ-jUa7KYk&#038;zoom=16&#038;maptype=roadmap&#038;q=+3%2C+Rue+du+Prince+Eug%C3%A8ne+Rueil+Malmaison\"\n\t\t\t\t\t\t\ttitle=\"Carte Google de  3, Rue du Prince Eug\u00e8ne Rueil Malmaison\"><\/iframe><\/div><script>function kb_google_map51_8bb00af5() { let center = { lat: 37.8201, lng: -122.4781}; let map = new google.maps.Map(document.getElementById(\"kb-google-map51_8bb00af5\"), {\n\t\t\t\t\t    zoom: 16,\n\t\t\t\t\t    center: center,});let marker = new google.maps.Marker({   position: { lat: 37.8201, lng: -122.4781},    map: map,  });}<\/script>\n\n\n<p class=\"has-text-align-center\" style=\"line-height:1.2\"><strong>ou par mail<\/strong><br><a href=\"mailto:info@ateliers-contraste.com\">info@ateliers-contraste.com<\/a><\/p>\n\n\n\n<p class=\"has-text-align-center\"><a href=\"mailto:atelierscontraste.sec@orange.fr\">atelierscontraste.sec@orange.fr<\/a><\/p>\n\n\n\n<p><\/p>\n<style class=\"advgb-styles-renderer\">.kb-google-maps-container51_8bb00a-f5{max-width:200px;height:200px;margin-left:var(--global-kb-spacing-5xl, 10rem);padding-right:0px;padding-left:var(--global-kb-spacing-3xl, 6.5rem);margin-left:auto !important;margin-right:auto !important;}@media all and (max-width: 767px){.kb-google-maps-container51_8bb00a-f5{margin-left:0px;margin-left:auto !important;margin-right:auto !important;}}<\/style>","protected":false},"excerpt":{"rendered":"<p>Directement \u00e0 la Maison des Arts et de Image 3, Rue du Prince Eug\u00e8ne Rueil Malmaison(parking sur place) ou par mailinfo@ateliers-contraste.com atelierscontraste.sec@orange.fr<\/p>\n","protected":false},"author":1,"featured_media":0,"parent":0,"menu_order":0,"comment_status":"closed","ping_status":"closed","template":"","meta":{"_coblocks_attr":"","_coblocks_dimensions":"","_coblocks_responsive_height":"","_coblocks_accordion_ie_support":"","_uag_custom_page_level_css":"","advgb_blocks_editor_width":"","advgb_blocks_columns_visual_guide":"","jetpack_post_was_ever_published":false,"footnotes":""},"class_list":["post-51","page","type-page","status-publish","hentry","entry"],"yoast_head":"<!-- This site is optimized with the Yoast SEO plugin v27.4 - https:\/\/yoast.com\/product\/yoast-seo-wordpress\/ -->\n<title>CONTACTS - ATELIERS CONTRASTE<\/title>\n<meta name=\"robots\" content=\"index, follow, max-snippet:-1, max-image-preview:large, max-video-preview:-1\" \/>\n<link rel=\"canonical\" href=\"https:\/\/ateliers-contraste.com\/index.php\/contacts\/\" \/>\n<meta property=\"og:locale\" content=\"fr_FR\" \/>\n<meta property=\"og:type\" content=\"article\" \/>\n<meta property=\"og:title\" content=\"CONTACTS - ATELIERS CONTRASTE\" \/>\n<meta property=\"og:description\" content=\"Directement \u00e0 la Maison des Arts et de Image 3, Rue du Prince Eug\u00e8ne Rueil Malmaison(parking sur place) ou par mailinfo@ateliers-contraste.com atelierscontraste.sec@orange.fr\" \/>\n<meta property=\"og:url\" content=\"https:\/\/ateliers-contraste.com\/index.php\/contacts\/\" \/>\n<meta property=\"og:site_name\" content=\"ATELIERS CONTRASTE\" \/>\n<meta property=\"article:modified_time\" content=\"2024-07-29T06:10:33+00:00\" \/>\n<meta name=\"twitter:card\" content=\"summary_large_image\" \/>\n<meta name=\"twitter:label1\" content=\"Dur\u00e9e de lecture estim\u00e9e\" \/>\n\t<meta name=\"twitter:data1\" content=\"1 minute\" \/>\n<script type=\"application\/ld+json\" class=\"yoast-schema-graph\">{\"@context\":\"https:\\\/\\\/schema.org\",\"@graph\":[{\"@type\":\"WebPage\",\"@id\":\"https:\\\/\\\/ateliers-contraste.com\\\/index.php\\\/contacts\\\/\",\"url\":\"https:\\\/\\\/ateliers-contraste.com\\\/index.php\\\/contacts\\\/\",\"name\":\"CONTACTS - ATELIERS CONTRASTE\",\"isPartOf\":{\"@id\":\"https:\\\/\\\/ateliers-contraste.com\\\/#website\"},\"datePublished\":\"2020-02-18T10:13:56+00:00\",\"dateModified\":\"2024-07-29T06:10:33+00:00\",\"breadcrumb\":{\"@id\":\"https:\\\/\\\/ateliers-contraste.com\\\/index.php\\\/contacts\\\/#breadcrumb\"},\"inLanguage\":\"fr-FR\",\"potentialAction\":[{\"@type\":\"ReadAction\",\"target\":[\"https:\\\/\\\/ateliers-contraste.com\\\/index.php\\\/contacts\\\/\"]}]},{\"@type\":\"BreadcrumbList\",\"@id\":\"https:\\\/\\\/ateliers-contraste.com\\\/index.php\\\/contacts\\\/#breadcrumb\",\"itemListElement\":[{\"@type\":\"ListItem\",\"position\":1,\"name\":\"Accueil\",\"item\":\"https:\\\/\\\/ateliers-contraste.com\\\/\"},{\"@type\":\"ListItem\",\"position\":2,\"name\":\"CONTACTS\"}]},{\"@type\":\"WebSite\",\"@id\":\"https:\\\/\\\/ateliers-contraste.com\\\/#website\",\"url\":\"https:\\\/\\\/ateliers-contraste.com\\\/\",\"name\":\"ATELIERS CONTRASTE\",\"description\":\"Pratique des Arts Plastiques\",\"publisher\":{\"@id\":\"https:\\\/\\\/ateliers-contraste.com\\\/#organization\"},\"potentialAction\":[{\"@type\":\"SearchAction\",\"target\":{\"@type\":\"EntryPoint\",\"urlTemplate\":\"https:\\\/\\\/ateliers-contraste.com\\\/?s={search_term_string}\"},\"query-input\":{\"@type\":\"PropertyValueSpecification\",\"valueRequired\":true,\"valueName\":\"search_term_string\"}}],\"inLanguage\":\"fr-FR\"},{\"@type\":\"Organization\",\"@id\":\"https:\\\/\\\/ateliers-contraste.com\\\/#organization\",\"name\":\"ATELIERS CONTRASTE\",\"url\":\"https:\\\/\\\/ateliers-contraste.com\\\/\",\"logo\":{\"@type\":\"ImageObject\",\"inLanguage\":\"fr-FR\",\"@id\":\"https:\\\/\\\/ateliers-contraste.com\\\/#\\\/schema\\\/logo\\\/image\\\/\",\"url\":\"https:\\\/\\\/i2.wp.com\\\/ateliers-contraste.com\\\/wp-content\\\/uploads\\\/2020\\\/03\\\/logo-AC.jpg?fit=811%2C514\",\"contentUrl\":\"https:\\\/\\\/i2.wp.com\\\/ateliers-contraste.com\\\/wp-content\\\/uploads\\\/2020\\\/03\\\/logo-AC.jpg?fit=811%2C514\",\"width\":811,\"height\":514,\"caption\":\"ATELIERS CONTRASTE\"},\"image\":{\"@id\":\"https:\\\/\\\/ateliers-contraste.com\\\/#\\\/schema\\\/logo\\\/image\\\/\"}}]}<\/script>\n<!-- \/ Yoast SEO plugin. -->","yoast_head_json":{"title":"CONTACTS - ATELIERS CONTRASTE","robots":{"index":"index","follow":"follow","max-snippet":"max-snippet:-1","max-image-preview":"max-image-preview:large","max-video-preview":"max-video-preview:-1"},"canonical":"https:\/\/ateliers-contraste.com\/index.php\/contacts\/","og_locale":"fr_FR","og_type":"article","og_title":"CONTACTS - ATELIERS CONTRASTE","og_description":"Directement \u00e0 la Maison des Arts et de Image 3, Rue du Prince Eug\u00e8ne Rueil Malmaison(parking sur place) ou par mailinfo@ateliers-contraste.com atelierscontraste.sec@orange.fr","og_url":"https:\/\/ateliers-contraste.com\/index.php\/contacts\/","og_site_name":"ATELIERS CONTRASTE","article_modified_time":"2024-07-29T06:10:33+00:00","twitter_card":"summary_large_image","twitter_misc":{"Dur\u00e9e de lecture estim\u00e9e":"1 minute"},"schema":{"@context":"https:\/\/schema.org","@graph":[{"@type":"WebPage","@id":"https:\/\/ateliers-contraste.com\/index.php\/contacts\/","url":"https:\/\/ateliers-contraste.com\/index.php\/contacts\/","name":"CONTACTS - ATELIERS CONTRASTE","isPartOf":{"@id":"https:\/\/ateliers-contraste.com\/#website"},"datePublished":"2020-02-18T10:13:56+00:00","dateModified":"2024-07-29T06:10:33+00:00","breadcrumb":{"@id":"https:\/\/ateliers-contraste.com\/index.php\/contacts\/#breadcrumb"},"inLanguage":"fr-FR","potentialAction":[{"@type":"ReadAction","target":["https:\/\/ateliers-contraste.com\/index.php\/contacts\/"]}]},{"@type":"BreadcrumbList","@id":"https:\/\/ateliers-contraste.com\/index.php\/contacts\/#breadcrumb","itemListElement":[{"@type":"ListItem","position":1,"name":"Accueil","item":"https:\/\/ateliers-contraste.com\/"},{"@type":"ListItem","position":2,"name":"CONTACTS"}]},{"@type":"WebSite","@id":"https:\/\/ateliers-contraste.com\/#website","url":"https:\/\/ateliers-contraste.com\/","name":"ATELIERS CONTRASTE","description":"Pratique des Arts Plastiques","publisher":{"@id":"https:\/\/ateliers-contraste.com\/#organization"},"potentialAction":[{"@type":"SearchAction","target":{"@type":"EntryPoint","urlTemplate":"https:\/\/ateliers-contraste.com\/?s={search_term_string}"},"query-input":{"@type":"PropertyValueSpecification","valueRequired":true,"valueName":"search_term_string"}}],"inLanguage":"fr-FR"},{"@type":"Organization","@id":"https:\/\/ateliers-contraste.com\/#organization","name":"ATELIERS CONTRASTE","url":"https:\/\/ateliers-contraste.com\/","logo":{"@type":"ImageObject","inLanguage":"fr-FR","@id":"https:\/\/ateliers-contraste.com\/#\/schema\/logo\/image\/","url":"https:\/\/i2.wp.com\/ateliers-contraste.com\/wp-content\/uploads\/2020\/03\/logo-AC.jpg?fit=811%2C514","contentUrl":"https:\/\/i2.wp.com\/ateliers-contraste.com\/wp-content\/uploads\/2020\/03\/logo-AC.jpg?fit=811%2C514","width":811,"height":514,"caption":"ATELIERS CONTRASTE"},"image":{"@id":"https:\/\/ateliers-contraste.com\/#\/schema\/logo\/image\/"}}]}},"uagb_featured_image_src":{"full":false,"thumbnail":false,"medium":false,"medium_large":false,"large":false,"1536x1536":false,"2048x2048":false,"post-thumbnail":false},"uagb_author_info":{"display_name":"admin8009","author_link":"https:\/\/ateliers-contraste.com\/index.php\/author\/admin8009\/"},"uagb_comment_info":0,"uagb_excerpt":"Directement \u00e0 la Maison des Arts et de Image 3, Rue du Prince Eug\u00e8ne Rueil Malmaison(parking sur place) ou par mailinfo@ateliers-contraste.com atelierscontraste.sec@orange.fr","coauthors":[],"author_meta":{"author_link":"https:\/\/ateliers-contraste.com\/index.php\/author\/admin8009\/","display_name":"admin8009"},"relative_dates":{"created":"Publi\u00e9 6 ans il y a","modified":"Mis \u00e0 jour 2 ans il y a"},"absolute_dates":{"created":"Publi\u00e9 le 18\/02\/2020","modified":"Mise \u00e0 jour le 29\/07\/2024"},"absolute_dates_time":{"created":"Publi\u00e9 le 18\/02\/2020 11 h 13 min","modified":"Mise \u00e0 jour le 29\/07\/2024 8 h 10 min"},"featured_img_caption":"","featured_img":false,"series_order":"","jetpack_sharing_enabled":true,"_links":{"self":[{"href":"https:\/\/ateliers-contraste.com\/index.php\/wp-json\/wp\/v2\/pages\/51","targetHints":{"allow":["GET"]}}],"collection":[{"href":"https:\/\/ateliers-contraste.com\/index.php\/wp-json\/wp\/v2\/pages"}],"about":[{"href":"https:\/\/ateliers-contraste.com\/index.php\/wp-json\/wp\/v2\/types\/page"}],"author":[{"embeddable":true,"href":"https:\/\/ateliers-contraste.com\/index.php\/wp-json\/wp\/v2\/users\/1"}],"replies":[{"embeddable":true,"href":"https:\/\/ateliers-contraste.com\/index.php\/wp-json\/wp\/v2\/comments?post=51"}],"version-history":[{"count":8,"href":"https:\/\/ateliers-contraste.com\/index.php\/wp-json\/wp\/v2\/pages\/51\/revisions"}],"predecessor-version":[{"id":2019,"href":"https:\/\/ateliers-contraste.com\/index.php\/wp-json\/wp\/v2\/pages\/51\/revisions\/2019"}],"wp:attachment":[{"href":"https:\/\/ateliers-contraste.com\/index.php\/wp-json\/wp\/v2\/media?parent=51"}],"curies":[{"name":"wp","href":"https:\/\/api.w.org\/{rel}","templated":true}]}}