{"id":57,"date":"2020-02-18T12:56:50","date_gmt":"2020-02-18T11:56:50","guid":{"rendered":"http:\/\/artsgraphiques.art.blog\/?page_id=57"},"modified":"2025-06-30T16:24:52","modified_gmt":"2025-06-30T14:24:52","slug":"aquarelle-chinoise","status":"publish","type":"page","link":"https:\/\/ateliers-contraste.com\/index.php\/aquarelle-chinoise\/","title":{"rendered":"CALLIGRAPHIE AQUARELLE CHINOISE"},"content":{"rendered":"\n<div class=\"wp-block-uagb-image uagb-block-85b12bea wp-block-uagb-image--layout-default wp-block-uagb-image--effect-static wp-block-uagb-image--align-none\"><figure class=\"wp-block-uagb-image__figure\"><img data-recalc-dims=\"1\" decoding=\"async\" srcset=\"https:\/\/ateliers-contraste.com\/wp-content\/uploads\/2024\/02\/SITE-rotated.jpg ,https:\/\/ateliers-contraste.com\/wp-content\/uploads\/2024\/02\/SITE-rotated.jpg 780w, https:\/\/ateliers-contraste.com\/wp-content\/uploads\/2024\/02\/SITE-rotated.jpg 360w\" sizes=\"auto, (max-width: 480px) 150px\" src=\"https:\/\/i0.wp.com\/ateliers-contraste.com\/wp-content\/uploads\/2024\/02\/SITE-rotated.jpg?resize=370%2C490&#038;ssl=1\" alt=\"\" class=\"uag-image-1487\" width=\"370\" height=\"490\" title=\"SITE\" loading=\"lazy\" role=\"img\"\/><\/figure><\/div>\n\n\n\n<p><strong> Atelier avec professeur <a href=\"https:\/\/chine.in\/guide\/zhongyao_3966.html\" target=\"_blank\" rel=\"noreferrer noopener\">Zhongyao LI<\/a><\/strong><br>3 jours par trimestre de 10H \u00e0 12H15 et de 14H15 \u00e0 16H<br><br><strong>Premier trimestre<\/strong>:<br>Mercredi 3, jeudi 4, vendredi 5 d\u00e9cembre 2025<br><strong>Deuxi\u00e8me trimestre :<\/strong><br>Mercredi 4, jeudi 5, vendredi 6 mars 2026<br><strong>Troisi\u00e8me trimestre :<\/strong><br>Mercredi 3, jeudi 4, vendredi 5 juin 2026<\/p>\n\n\n\n<p><strong>participation: 3&#215;170 euros pour 9 s\u00e9ances<\/strong><\/p>\n\n\n\n<p class=\"has-text-align-center has-normal-font-size\" style=\"line-height:1.1\"><strong>Maison Daubigny<\/strong><br><br>49 Quai du halage <br>92500 RUEIL MALMAISON<\/p>\n\n\n<div class=\"kb-google-maps-container kb-google-maps-container57_85cf46-34  wp-block-kadence-googlemaps\" data-mapid=\"57_85cf4634\"><iframe width=\"100%\" height=\"100%\"\n\t\t\t\t\t\t\tstyle=\"border:0\" loading=\"lazy\"\n\t\t\t\t\t\t\tsrc=\"https:\/\/www.google.com\/maps\/embed\/v1\/place?key=AIzaSyBAM2o7PiQqwk15LC1XRH2e_KJ-jUa7KYk&#038;zoom=16&#038;maptype=roadmap&#038;q=49+Quai+du+halage+++92500+RUEIL+MALMAISON\"\n\t\t\t\t\t\t\ttitle=\"Carte Google de 49 Quai du halage   92500 RUEIL MALMAISON\"><\/iframe><\/div><script>function kb_google_map57_85cf4634() { let center = { lat: 37.8201, lng: -122.4781}; let map = new google.maps.Map(document.getElementById(\"kb-google-map57_85cf4634\"), {\n\t\t\t\t\t    zoom: 16,\n\t\t\t\t\t    center: center,});let marker = new google.maps.Marker({   position: { lat: 37.8201, lng: -122.4781},    map: map,  });}<\/script><style class=\"advgb-styles-renderer\">.kb-google-maps-container57_85cf46-34{max-width:300px;height:300px;margin-left:var(--global-kb-spacing-sm, 1.5rem);padding-left:var(--global-kb-spacing-4xl, 8rem);margin-left:auto !important;margin-right:auto !important;}<\/style>","protected":false},"excerpt":{"rendered":"<p>Atelier avec professeur Zhongyao LI3 jours par trimestre de 10H \u00e0 12H15 et de 14H15 \u00e0 16H Premier trimestre:Mercredi 3, jeudi 4, vendredi 5 d\u00e9cembre 2025Deuxi\u00e8me trimestre :Mercredi 4, jeudi 5, vendredi 6 mars 2026Troisi\u00e8me trimestre :Mercredi 3, jeudi 4, vendredi 5 juin 2026 participation: 3&#215;170 euros pour 9 s\u00e9ances Maison Daubigny 49 Quai du<a class=\"more-link\" href=\"https:\/\/ateliers-contraste.com\/index.php\/aquarelle-chinoise\/\">Lire la suite <span class=\"screen-reader-text\">\u00ab\u00a0CALLIGRAPHIE AQUARELLE CHINOISE\u00a0\u00bb<\/span><\/a><\/p>\n","protected":false},"author":1,"featured_media":0,"parent":0,"menu_order":0,"comment_status":"closed","ping_status":"closed","template":"","meta":{"_coblocks_attr":"","_coblocks_dimensions":"","_coblocks_responsive_height":"","_coblocks_accordion_ie_support":"","_uag_custom_page_level_css":"","advgb_blocks_editor_width":"","advgb_blocks_columns_visual_guide":"","jetpack_post_was_ever_published":false,"footnotes":""},"class_list":["post-57","page","type-page","status-publish","hentry","entry"],"yoast_head":"<!-- This site is optimized with the Yoast SEO plugin v27.4 - https:\/\/yoast.com\/product\/yoast-seo-wordpress\/ -->\n<title>CALLIGRAPHIE AQUARELLE CHINOISE - ATELIERS CONTRASTE<\/title>\n<meta name=\"robots\" content=\"index, follow, max-snippet:-1, max-image-preview:large, max-video-preview:-1\" \/>\n<link rel=\"canonical\" href=\"https:\/\/ateliers-contraste.com\/index.php\/aquarelle-chinoise\/\" \/>\n<meta property=\"og:locale\" content=\"fr_FR\" \/>\n<meta property=\"og:type\" content=\"article\" \/>\n<meta property=\"og:title\" content=\"CALLIGRAPHIE AQUARELLE CHINOISE - ATELIERS CONTRASTE\" \/>\n<meta property=\"og:description\" content=\"Atelier avec professeur Zhongyao LI3 jours par trimestre de 10H \u00e0 12H15 et de 14H15 \u00e0 16H Premier trimestre:Mercredi 3, jeudi 4, vendredi 5 d\u00e9cembre 2025Deuxi\u00e8me trimestre :Mercredi 4, jeudi 5, vendredi 6 mars 2026Troisi\u00e8me trimestre :Mercredi 3, jeudi 4, vendredi 5 juin 2026 participation: 3&#215;170 euros pour 9 s\u00e9ances Maison Daubigny 49 Quai duLire la suite &quot;CALLIGRAPHIE AQUARELLE CHINOISE&quot;\" \/>\n<meta property=\"og:url\" content=\"https:\/\/ateliers-contraste.com\/index.php\/aquarelle-chinoise\/\" \/>\n<meta property=\"og:site_name\" content=\"ATELIERS CONTRASTE\" \/>\n<meta property=\"article:modified_time\" content=\"2025-06-30T14:24:52+00:00\" \/>\n<meta property=\"og:image\" content=\"https:\/\/ateliers-contraste.com\/wp-content\/uploads\/2024\/02\/SITE-rotated.jpg\" \/>\n<meta name=\"twitter:card\" content=\"summary_large_image\" \/>\n<meta name=\"twitter:label1\" content=\"Dur\u00e9e de lecture estim\u00e9e\" \/>\n\t<meta name=\"twitter:data1\" content=\"1 minute\" \/>\n<script type=\"application\/ld+json\" class=\"yoast-schema-graph\">{\"@context\":\"https:\\\/\\\/schema.org\",\"@graph\":[{\"@type\":\"WebPage\",\"@id\":\"https:\\\/\\\/ateliers-contraste.com\\\/index.php\\\/aquarelle-chinoise\\\/\",\"url\":\"https:\\\/\\\/ateliers-contraste.com\\\/index.php\\\/aquarelle-chinoise\\\/\",\"name\":\"CALLIGRAPHIE AQUARELLE CHINOISE - ATELIERS CONTRASTE\",\"isPartOf\":{\"@id\":\"https:\\\/\\\/ateliers-contraste.com\\\/#website\"},\"primaryImageOfPage\":{\"@id\":\"https:\\\/\\\/ateliers-contraste.com\\\/index.php\\\/aquarelle-chinoise\\\/#primaryimage\"},\"image\":{\"@id\":\"https:\\\/\\\/ateliers-contraste.com\\\/index.php\\\/aquarelle-chinoise\\\/#primaryimage\"},\"thumbnailUrl\":\"https:\\\/\\\/ateliers-contraste.com\\\/wp-content\\\/uploads\\\/2024\\\/02\\\/SITE-rotated.jpg\",\"datePublished\":\"2020-02-18T11:56:50+00:00\",\"dateModified\":\"2025-06-30T14:24:52+00:00\",\"breadcrumb\":{\"@id\":\"https:\\\/\\\/ateliers-contraste.com\\\/index.php\\\/aquarelle-chinoise\\\/#breadcrumb\"},\"inLanguage\":\"fr-FR\",\"potentialAction\":[{\"@type\":\"ReadAction\",\"target\":[\"https:\\\/\\\/ateliers-contraste.com\\\/index.php\\\/aquarelle-chinoise\\\/\"]}]},{\"@type\":\"ImageObject\",\"inLanguage\":\"fr-FR\",\"@id\":\"https:\\\/\\\/ateliers-contraste.com\\\/index.php\\\/aquarelle-chinoise\\\/#primaryimage\",\"url\":\"https:\\\/\\\/i0.wp.com\\\/ateliers-contraste.com\\\/wp-content\\\/uploads\\\/2024\\\/02\\\/SITE-rotated.jpg?fit=480%2C640&ssl=1\",\"contentUrl\":\"https:\\\/\\\/i0.wp.com\\\/ateliers-contraste.com\\\/wp-content\\\/uploads\\\/2024\\\/02\\\/SITE-rotated.jpg?fit=480%2C640&ssl=1\",\"width\":480,\"height\":640,\"caption\":\"Aquarelle chinoise\"},{\"@type\":\"BreadcrumbList\",\"@id\":\"https:\\\/\\\/ateliers-contraste.com\\\/index.php\\\/aquarelle-chinoise\\\/#breadcrumb\",\"itemListElement\":[{\"@type\":\"ListItem\",\"position\":1,\"name\":\"Accueil\",\"item\":\"https:\\\/\\\/ateliers-contraste.com\\\/\"},{\"@type\":\"ListItem\",\"position\":2,\"name\":\"CALLIGRAPHIE AQUARELLE CHINOISE\"}]},{\"@type\":\"WebSite\",\"@id\":\"https:\\\/\\\/ateliers-contraste.com\\\/#website\",\"url\":\"https:\\\/\\\/ateliers-contraste.com\\\/\",\"name\":\"ATELIERS CONTRASTE\",\"description\":\"Pratique des Arts Plastiques\",\"publisher\":{\"@id\":\"https:\\\/\\\/ateliers-contraste.com\\\/#organization\"},\"potentialAction\":[{\"@type\":\"SearchAction\",\"target\":{\"@type\":\"EntryPoint\",\"urlTemplate\":\"https:\\\/\\\/ateliers-contraste.com\\\/?s={search_term_string}\"},\"query-input\":{\"@type\":\"PropertyValueSpecification\",\"valueRequired\":true,\"valueName\":\"search_term_string\"}}],\"inLanguage\":\"fr-FR\"},{\"@type\":\"Organization\",\"@id\":\"https:\\\/\\\/ateliers-contraste.com\\\/#organization\",\"name\":\"ATELIERS CONTRASTE\",\"url\":\"https:\\\/\\\/ateliers-contraste.com\\\/\",\"logo\":{\"@type\":\"ImageObject\",\"inLanguage\":\"fr-FR\",\"@id\":\"https:\\\/\\\/ateliers-contraste.com\\\/#\\\/schema\\\/logo\\\/image\\\/\",\"url\":\"https:\\\/\\\/i2.wp.com\\\/ateliers-contraste.com\\\/wp-content\\\/uploads\\\/2020\\\/03\\\/logo-AC.jpg?fit=811%2C514\",\"contentUrl\":\"https:\\\/\\\/i2.wp.com\\\/ateliers-contraste.com\\\/wp-content\\\/uploads\\\/2020\\\/03\\\/logo-AC.jpg?fit=811%2C514\",\"width\":811,\"height\":514,\"caption\":\"ATELIERS CONTRASTE\"},\"image\":{\"@id\":\"https:\\\/\\\/ateliers-contraste.com\\\/#\\\/schema\\\/logo\\\/image\\\/\"}}]}<\/script>\n<!-- \/ Yoast SEO plugin. -->","yoast_head_json":{"title":"CALLIGRAPHIE AQUARELLE CHINOISE - ATELIERS CONTRASTE","robots":{"index":"index","follow":"follow","max-snippet":"max-snippet:-1","max-image-preview":"max-image-preview:large","max-video-preview":"max-video-preview:-1"},"canonical":"https:\/\/ateliers-contraste.com\/index.php\/aquarelle-chinoise\/","og_locale":"fr_FR","og_type":"article","og_title":"CALLIGRAPHIE AQUARELLE CHINOISE - ATELIERS CONTRASTE","og_description":"Atelier avec professeur Zhongyao LI3 jours par trimestre de 10H \u00e0 12H15 et de 14H15 \u00e0 16H Premier trimestre:Mercredi 3, jeudi 4, vendredi 5 d\u00e9cembre 2025Deuxi\u00e8me trimestre :Mercredi 4, jeudi 5, vendredi 6 mars 2026Troisi\u00e8me trimestre :Mercredi 3, jeudi 4, vendredi 5 juin 2026 participation: 3&#215;170 euros pour 9 s\u00e9ances Maison Daubigny 49 Quai duLire la suite \"CALLIGRAPHIE AQUARELLE CHINOISE\"","og_url":"https:\/\/ateliers-contraste.com\/index.php\/aquarelle-chinoise\/","og_site_name":"ATELIERS CONTRASTE","article_modified_time":"2025-06-30T14:24:52+00:00","og_image":[{"url":"https:\/\/ateliers-contraste.com\/wp-content\/uploads\/2024\/02\/SITE-rotated.jpg","type":"","width":"","height":""}],"twitter_card":"summary_large_image","twitter_misc":{"Dur\u00e9e de lecture estim\u00e9e":"1 minute"},"schema":{"@context":"https:\/\/schema.org","@graph":[{"@type":"WebPage","@id":"https:\/\/ateliers-contraste.com\/index.php\/aquarelle-chinoise\/","url":"https:\/\/ateliers-contraste.com\/index.php\/aquarelle-chinoise\/","name":"CALLIGRAPHIE AQUARELLE CHINOISE - ATELIERS CONTRASTE","isPartOf":{"@id":"https:\/\/ateliers-contraste.com\/#website"},"primaryImageOfPage":{"@id":"https:\/\/ateliers-contraste.com\/index.php\/aquarelle-chinoise\/#primaryimage"},"image":{"@id":"https:\/\/ateliers-contraste.com\/index.php\/aquarelle-chinoise\/#primaryimage"},"thumbnailUrl":"https:\/\/ateliers-contraste.com\/wp-content\/uploads\/2024\/02\/SITE-rotated.jpg","datePublished":"2020-02-18T11:56:50+00:00","dateModified":"2025-06-30T14:24:52+00:00","breadcrumb":{"@id":"https:\/\/ateliers-contraste.com\/index.php\/aquarelle-chinoise\/#breadcrumb"},"inLanguage":"fr-FR","potentialAction":[{"@type":"ReadAction","target":["https:\/\/ateliers-contraste.com\/index.php\/aquarelle-chinoise\/"]}]},{"@type":"ImageObject","inLanguage":"fr-FR","@id":"https:\/\/ateliers-contraste.com\/index.php\/aquarelle-chinoise\/#primaryimage","url":"https:\/\/i0.wp.com\/ateliers-contraste.com\/wp-content\/uploads\/2024\/02\/SITE-rotated.jpg?fit=480%2C640&ssl=1","contentUrl":"https:\/\/i0.wp.com\/ateliers-contraste.com\/wp-content\/uploads\/2024\/02\/SITE-rotated.jpg?fit=480%2C640&ssl=1","width":480,"height":640,"caption":"Aquarelle chinoise"},{"@type":"BreadcrumbList","@id":"https:\/\/ateliers-contraste.com\/index.php\/aquarelle-chinoise\/#breadcrumb","itemListElement":[{"@type":"ListItem","position":1,"name":"Accueil","item":"https:\/\/ateliers-contraste.com\/"},{"@type":"ListItem","position":2,"name":"CALLIGRAPHIE AQUARELLE CHINOISE"}]},{"@type":"WebSite","@id":"https:\/\/ateliers-contraste.com\/#website","url":"https:\/\/ateliers-contraste.com\/","name":"ATELIERS CONTRASTE","description":"Pratique des Arts Plastiques","publisher":{"@id":"https:\/\/ateliers-contraste.com\/#organization"},"potentialAction":[{"@type":"SearchAction","target":{"@type":"EntryPoint","urlTemplate":"https:\/\/ateliers-contraste.com\/?s={search_term_string}"},"query-input":{"@type":"PropertyValueSpecification","valueRequired":true,"valueName":"search_term_string"}}],"inLanguage":"fr-FR"},{"@type":"Organization","@id":"https:\/\/ateliers-contraste.com\/#organization","name":"ATELIERS CONTRASTE","url":"https:\/\/ateliers-contraste.com\/","logo":{"@type":"ImageObject","inLanguage":"fr-FR","@id":"https:\/\/ateliers-contraste.com\/#\/schema\/logo\/image\/","url":"https:\/\/i2.wp.com\/ateliers-contraste.com\/wp-content\/uploads\/2020\/03\/logo-AC.jpg?fit=811%2C514","contentUrl":"https:\/\/i2.wp.com\/ateliers-contraste.com\/wp-content\/uploads\/2020\/03\/logo-AC.jpg?fit=811%2C514","width":811,"height":514,"caption":"ATELIERS CONTRASTE"},"image":{"@id":"https:\/\/ateliers-contraste.com\/#\/schema\/logo\/image\/"}}]}},"uagb_featured_image_src":{"full":false,"thumbnail":false,"medium":false,"medium_large":false,"large":false,"1536x1536":false,"2048x2048":false,"post-thumbnail":false},"uagb_author_info":{"display_name":"admin8009","author_link":"https:\/\/ateliers-contraste.com\/index.php\/author\/admin8009\/"},"uagb_comment_info":0,"uagb_excerpt":"Atelier avec professeur Zhongyao LI3 jours par trimestre de 10H \u00e0 12H15 et de 14H15 \u00e0 16H Premier trimestre:Mercredi 3, jeudi 4, vendredi 5 d\u00e9cembre 2025Deuxi\u00e8me trimestre :Mercredi 4, jeudi 5, vendredi 6 mars 2026Troisi\u00e8me trimestre :Mercredi 3, jeudi 4, vendredi 5 juin 2026 participation: 3&#215;170 euros pour 9 s\u00e9ances Maison Daubigny 49 Quai duLire\u2026","coauthors":[],"author_meta":{"author_link":"https:\/\/ateliers-contraste.com\/index.php\/author\/admin8009\/","display_name":"admin8009"},"relative_dates":{"created":"Publi\u00e9 6 ans il y a","modified":"Mis \u00e0 jour 10 mois il y a"},"absolute_dates":{"created":"Publi\u00e9 le 18\/02\/2020","modified":"Mise \u00e0 jour le 30\/06\/2025"},"absolute_dates_time":{"created":"Publi\u00e9 le 18\/02\/2020 12 h 56 min","modified":"Mise \u00e0 jour le 30\/06\/2025 16 h 24 min"},"featured_img_caption":"","featured_img":false,"series_order":"","jetpack_sharing_enabled":true,"_links":{"self":[{"href":"https:\/\/ateliers-contraste.com\/index.php\/wp-json\/wp\/v2\/pages\/57","targetHints":{"allow":["GET"]}}],"collection":[{"href":"https:\/\/ateliers-contraste.com\/index.php\/wp-json\/wp\/v2\/pages"}],"about":[{"href":"https:\/\/ateliers-contraste.com\/index.php\/wp-json\/wp\/v2\/types\/page"}],"author":[{"embeddable":true,"href":"https:\/\/ateliers-contraste.com\/index.php\/wp-json\/wp\/v2\/users\/1"}],"replies":[{"embeddable":true,"href":"https:\/\/ateliers-contraste.com\/index.php\/wp-json\/wp\/v2\/comments?post=57"}],"version-history":[{"count":12,"href":"https:\/\/ateliers-contraste.com\/index.php\/wp-json\/wp\/v2\/pages\/57\/revisions"}],"predecessor-version":[{"id":2571,"href":"https:\/\/ateliers-contraste.com\/index.php\/wp-json\/wp\/v2\/pages\/57\/revisions\/2571"}],"wp:attachment":[{"href":"https:\/\/ateliers-contraste.com\/index.php\/wp-json\/wp\/v2\/media?parent=57"}],"curies":[{"name":"wp","href":"https:\/\/api.w.org\/{rel}","templated":true}]}}